{"id":1762,"date":"2016-09-05T13:57:26","date_gmt":"2016-09-05T10:57:26","guid":{"rendered":"https:\/\/smartyschool.stylemixthemes.com\/\/?page_id=1762"},"modified":"2022-07-05T11:41:25","modified_gmt":"2022-07-05T11:41:25","slug":"history","status":"publish","type":"page","link":"https:\/\/infinitcenter.com\/en\/history\/","title":{"rendered":"Infinit Training Center"},"content":{"rendered":"<section class=\"wpb-content-wrapper\"><p>[vc_row][vc_column width=&#8221;3\/4&#8243;][stm_title title_color=&#8221;custom&#8221; page_title_enable=&#8221;true&#8221; title_color_custom=&#8221;#000000&#8243; title_font_size=&#8221;36px&#8221; title_line_height=&#8221;54px&#8221; title_margin_b=&#8221;29px&#8221; title=&#8221;Infinit Training Center&#8221;][\/stm_title][stm_title title_tag=&#8221;div&#8221; title_color=&#8221;custom&#8221; title=&#8221;INFINIT Qatar Training Center \u00ebsht\u00eb themeluar n\u00eb qershor t\u00eb vitit 2012 me q\u00ebllim t\u00eb ofrimit t\u00eb mund\u00ebsive p\u00ebr ngritjen e shkatht\u00ebsive n\u00eb fusha t\u00eb ndryshme p\u00ebr shoq\u00ebrin\u00eb n\u00eb p\u00ebrgjith\u00ebsi dhe t\u00eb rinjt\u00eb n\u00eb ve\u00e7anti.&#8221; title_color_custom=&#8221;#000000&#8243; title_font_size=&#8221;20px&#8221; title_line_height=&#8221;36px&#8221; title_margin_b=&#8221;28px&#8221;][\/stm_title][vc_row_inner css=&#8221;.vc_custom_1473074841643{margin-bottom: 20px !important;}&#8221;][vc_column_inner width=&#8221;2\/3&#8243;][vc_column_text css=&#8221;.vc_custom_1655654693025{margin-bottom: 30px !important;}&#8221;]Qendra INFINIT ka nj\u00eb infrastruktur\u00eb moderne p\u00ebr mbajtjen e trajnimeve dhe kurseve. Me nj\u00eb hap\u00ebsir\u00eb prej 480 metra katror, me pajisje teknologjike t\u00eb avancuara dhe salla t\u00eb p\u00ebrshtatshme me komoditet p\u00ebr mbajtjen e kurseve dhe trajnimeve.<\/p>\n<p>N\u00eb\u00a0 INFINIT \u00e7do person i interesuar mund ta gjej\u00eb veten e tij, me nj\u00eb ambient t\u00ebrheq\u00ebs me infrastruktur\u00eb moderne me brendet e fundit t\u00eb teknologjis\u00eb dhe staf t\u00eb p\u00ebrzgjedhur, nj\u00ebkoh\u00ebsisht duke angazhuar ekspert\u00eb, trajner\u00eb dhe profesor\u00eb t\u00eb d\u00ebshmuar n\u00eb fusha specifike. N\u00eb \u00a0INFINIT ju mund t\u00eb p\u00ebrfitoni dhe avanconi njohuri t\u00eb reja nga fusha e linguistik\u00ebs (m\u00ebsimit t\u00eb gjuh\u00ebve t\u00eb huaja), \u00a0trajnimeve n\u00eb fush\u00ebn e teknologjis\u00eb informative, Menaxhimit &amp; Marketingut si dhe shum\u00eb kurse\/trajnime t\u00eb tjera specifike.[\/vc_column_text][stm_title title=&#8221;Misioni &amp; Vizioni&#8221;][\/stm_title][vc_column_text]Ngritja e njohurive, aft\u00ebsive dhe kompetencave profesionale t\u00eb individ\u00ebve dhe grupeve t\u00eb shoq\u00ebris\u00eb p\u00ebrmes ofrimit t\u00eb m\u00ebsimit t\u00eb gjuh\u00ebve t\u00eb huaja, teknologjis\u00eb informative, trajnimeve n\u00eb menaxhment, marketing dhe shum\u00eb fusha t\u00eb tjera. N\u00eb vizjonin e saj Qendra INFINIT do t\u00eb jet\u00eb lider n\u00eb Kosov\u00eb p\u00ebr ofrimin e kurseve, trajnimeve dhe aft\u00ebsimeve profesionale cil\u00ebsore.[\/vc_column_text][\/vc_column_inner][vc_column_inner width=&#8221;1\/3&#8243;][stm_single_image img_responsive_enable=&#8221;true&#8221; img_id=&#8221;3065&#8243; img_size=&#8221;full&#8221; css=&#8221;.vc_custom_1655655083909{margin-top: 2px !important;}&#8221;][\/vc_column_inner][\/vc_row_inner][\/vc_column][vc_column width=&#8221;1\/4&#8243; css=&#8221;.vc_custom_1473074851678{margin-bottom: 20px !important;}&#8221;][stm_wp_custommenu nav_menu=&#8221;29&#8243;][\/vc_column][\/vc_row]<\/p>\n<\/section>","protected":false},"excerpt":{"rendered":"<p>[vc_row][vc_column width=&#8221;3\/4&#8243;][stm_title title_color=&#8221;custom&#8221; page_title_enable=&#8221;true&#8221; title_color_custom=&#8221;#000000&#8243; title_font_size=&#8221;36px&#8221; title_line_height=&#8221;54px&#8221; title_margin_b=&#8221;29px&#8221; title=&#8221;Infinit Training Center&#8221;][\/stm_title][stm_title title_tag=&#8221;div&#8221; title_color=&#8221;custom&#8221; title=&#8221;INFINIT Qatar Training Center \u00ebsht\u00eb themeluar n\u00eb qershor t\u00eb vitit 2012 me q\u00ebllim t\u00eb ofrimit t\u00eb mund\u00ebsive p\u00ebr ngritjen e shkatht\u00ebsive n\u00eb fusha t\u00eb ndryshme p\u00ebr shoq\u00ebrin\u00eb n\u00eb p\u00ebrgjith\u00ebsi dhe t\u00eb rinjt\u00eb n\u00eb ve\u00e7anti.&#8221; title_color_custom=&#8221;#000000&#8243; title_font_size=&#8221;20px&#8221; title_line_height=&#8221;36px&#8221; title_margin_b=&#8221;28px&#8221;][\/stm_title][vc_row_inner css=&#8221;.vc_custom_1473074841643{margin-bottom: 20px !important;}&#8221;][vc_column_inner width=&#8221;2\/3&#8243;][vc_column_text [&hellip;]<\/p>\n","protected":false},"author":1,"featured_media":0,"parent":0,"menu_order":0,"comment_status":"closed","ping_status":"closed","template":"","meta":{"footnotes":""},"class_list":["post-1762","page","type-page","status-publish","hentry"],"_links":{"self":[{"href":"https:\/\/infinitcenter.com\/en\/wp-json\/wp\/v2\/pages\/1762","targetHints":{"allow":["GET"]}}],"collection":[{"href":"https:\/\/infinitcenter.com\/en\/wp-json\/wp\/v2\/pages"}],"about":[{"href":"https:\/\/infinitcenter.com\/en\/wp-json\/wp\/v2\/types\/page"}],"author":[{"embeddable":true,"href":"https:\/\/infinitcenter.com\/en\/wp-json\/wp\/v2\/users\/1"}],"replies":[{"embeddable":true,"href":"https:\/\/infinitcenter.com\/en\/wp-json\/wp\/v2\/comments?post=1762"}],"version-history":[{"count":7,"href":"https:\/\/infinitcenter.com\/en\/wp-json\/wp\/v2\/pages\/1762\/revisions"}],"predecessor-version":[{"id":3255,"href":"https:\/\/infinitcenter.com\/en\/wp-json\/wp\/v2\/pages\/1762\/revisions\/3255"}],"wp:attachment":[{"href":"https:\/\/infinitcenter.com\/en\/wp-json\/wp\/v2\/media?parent=1762"}],"curies":[{"name":"wp","href":"https:\/\/api.w.org\/{rel}","templated":true}]}}