{"id":2373,"date":"2016-08-26T15:49:24","date_gmt":"2016-08-26T12:49:24","guid":{"rendered":"https:\/\/smartyschool.stylemixthemes.com\/es\/contact-us\/"},"modified":"2022-06-19T18:58:22","modified_gmt":"2022-06-19T18:58:22","slug":"contact-us","status":"publish","type":"page","link":"https:\/\/infinitcenter.com\/en\/contact-us\/","title":{"rendered":"Kontakti dhe adresa"},"content":{"rendered":"<section class=\"wpb-content-wrapper\"><p>[vc_row][vc_column css=&#8221;.vc_custom_1472454447703{margin-top: 18px !important;}&#8221;][stm_title title_tag=&#8221;div&#8221; title_color=&#8221;custom&#8221; page_title_enable=&#8221;true&#8221; title_color_custom=&#8221;#000000&#8243; title_font_size=&#8221;36px&#8221; title_line_height=&#8221;54px&#8221; title_margin_b=&#8221;35px&#8221;][\/stm_title][vc_row_inner][vc_column_inner][stm_google_map contact_photo_enable=&#8221;true&#8221; latitude=&#8221;42.65651677250547&#8243; longitude=&#8221;21.167048362645886&#8243; height=&#8221;352px&#8221; zoom=&#8221;16&#8243; contact_photo=&#8221;3065&#8243;][\/vc_column_inner][\/vc_row_inner][\/vc_column][\/vc_row][vc_row css=&#8221;.vc_custom_1472454578627{margin-bottom: 100px !important;}&#8221;][vc_column offset=&#8221;vc_col-lg-4 vc_col-md-4 vc_col-xs-12&#8243;][stm_contact_details address=&#8221;rr.Abdyl Frasheri, Prishtin\u00eb, Kosov\u00eb&#8221; tel=&#8221;+383 45 88 11 00&#8243; email=&#8221;info@infinitcenter.com&#8221; work_schedule=&#8221;E H\u00ebn\u00eb \u2014 E Shtun\u00eb: 9:00 \u2014 19:00&#8243;][\/vc_column][vc_column width=&#8221;2\/3&#8243;][stm_title title_tag=&#8221;div&#8221; title_color=&#8221;custom&#8221; title=&#8221;Na kontaktoni&#8221; title_color_custom=&#8221;#000000&#8243; title_font_size=&#8221;30px&#8221; title_line_height=&#8221;54px&#8221; title_margin_b=&#8221;24px&#8221; title_margin_t=&#8221;40px&#8221;][\/stm_title]\n<div class=\"wpcf7 no-js\" id=\"wpcf7-f682-o1\" lang=\"en-US\" dir=\"ltr\">\n<div class=\"screen-reader-response\"><p role=\"status\" aria-live=\"polite\" aria-atomic=\"true\"><\/p> <ul><\/ul><\/div>\n<form action=\"\/en\/wp-json\/wp\/v2\/pages\/2373#wpcf7-f682-o1\" method=\"post\" class=\"wpcf7-form init\" aria-label=\"Contact form\" novalidate=\"novalidate\" data-status=\"init\">\n<div style=\"display: none;\">\n<input type=\"hidden\" name=\"_wpcf7\" value=\"682\" \/>\n<input type=\"hidden\" name=\"_wpcf7_version\" value=\"5.9.8\" \/>\n<input type=\"hidden\" name=\"_wpcf7_locale\" value=\"en_US\" \/>\n<input type=\"hidden\" name=\"_wpcf7_unit_tag\" value=\"wpcf7-f682-o1\" \/>\n<input type=\"hidden\" name=\"_wpcf7_container_post\" value=\"0\" \/>\n<input type=\"hidden\" name=\"_wpcf7_posted_data_hash\" value=\"\" \/>\n<\/div>\n<div class=\"row\">\n\t<div class=\"col-sm-6 col-xs-12\">\n\t\t<p>Emri dhe Mbiemri:<span class=\"wpcf7-form-control-wrap\" data-name=\"text-945\"><input size=\"40\" maxlength=\"400\" class=\"wpcf7-form-control wpcf7-text\" aria-invalid=\"false\" value=\"\" type=\"text\" name=\"text-945\" \/><\/span> Email Adresa:<span class=\"wpcf7-form-control-wrap\" data-name=\"email-104\"><input size=\"40\" maxlength=\"400\" class=\"wpcf7-form-control wpcf7-email wpcf7-text wpcf7-validates-as-email\" aria-invalid=\"false\" value=\"\" type=\"email\" name=\"email-104\" \/><\/span>Numri i telefonit:<span class=\"wpcf7-form-control-wrap\" data-name=\"tel-837\"><input size=\"40\" maxlength=\"400\" class=\"wpcf7-form-control wpcf7-tel wpcf7-text wpcf7-validates-as-tel\" aria-invalid=\"false\" value=\"\" type=\"tel\" name=\"tel-837\" \/><\/span>\n\t\t<\/p>\n\t<\/div>\n\t<div class=\"col-sm-6 col-xs-12\">\n\t\t<p>Mesazhi<span class=\"wpcf7-form-control-wrap\" data-name=\"textarea-665\"><textarea cols=\"40\" rows=\"10\" maxlength=\"2000\" class=\"wpcf7-form-control wpcf7-textarea\" aria-invalid=\"false\" name=\"textarea-665\"><\/textarea><\/span>\n\t\t<\/p>\n\t<\/div>\n<\/div>\n<p><button type=\"submit\" class=\"stm-btn stm-btn_outline stm-btn_md stm-btn_red stm-btn_icon-right\">D\u00ebrgo<i class=\"fa fa-angle-right\" aria-hidden=\"true\"><\/i><\/button><input class=\"wpcf7-form-control wpcf7-submit has-spinner hidden\" type=\"submit\" value=\"Send\" \/>\n<\/p><p style=\"display: none !important;\" class=\"akismet-fields-container\" data-prefix=\"_wpcf7_ak_\"><label>&#916;<textarea name=\"_wpcf7_ak_hp_textarea\" cols=\"45\" rows=\"8\" maxlength=\"100\"><\/textarea><\/label><input type=\"hidden\" id=\"ak_js_1\" name=\"_wpcf7_ak_js\" value=\"26\"\/><script>document.getElementById( \"ak_js_1\" ).setAttribute( \"value\", ( new Date() ).getTime() );<\/script><\/p><div class=\"wpcf7-response-output\" aria-hidden=\"true\"><\/div>\n<\/form>\n<\/div>\n[\/vc_column][\/vc_row][vc_row full_width=&#8221;stretch_row&#8221; css=&#8221;.vc_custom_1569216073429{background-color: #0c51ff !important;}&#8221;][vc_column css=&#8221;.vc_custom_1472454651041{padding-top: 0px !important;}&#8221;][stm_call_to_action title=&#8221;Apply for Admission or some other Call to Action&#8221; btn_link=&#8221;url:%23||&#8221; btn_link_text=&#8221;CALL TO ACTION&#8221;][\/stm_call_to_action][\/vc_column][\/vc_row]<\/p>\n<\/section>","protected":false},"excerpt":{"rendered":"<p>[vc_row][vc_column css=&#8221;.vc_custom_1472454447703{margin-top: 18px !important;}&#8221;][stm_title title_tag=&#8221;div&#8221; title_color=&#8221;custom&#8221; page_title_enable=&#8221;true&#8221; title_color_custom=&#8221;#000000&#8243; title_font_size=&#8221;36px&#8221; title_line_height=&#8221;54px&#8221; title_margin_b=&#8221;35px&#8221;][\/stm_title][vc_row_inner][vc_column_inner][stm_google_map contact_photo_enable=&#8221;true&#8221; latitude=&#8221;42.65651677250547&#8243; longitude=&#8221;21.167048362645886&#8243; height=&#8221;352px&#8221; zoom=&#8221;16&#8243; contact_photo=&#8221;3065&#8243;][\/vc_column_inner][\/vc_row_inner][\/vc_column][\/vc_row][vc_row css=&#8221;.vc_custom_1472454578627{margin-bottom: 100px !important;}&#8221;][vc_column offset=&#8221;vc_col-lg-4 vc_col-md-4 vc_col-xs-12&#8243;][stm_contact_details address=&#8221;rr.Abdyl Frasheri, Prishtin\u00eb, Kosov\u00eb&#8221; tel=&#8221;+383 45 88 11 00&#8243; email=&#8221;info@infinitcenter.com&#8221; work_schedule=&#8221;E H\u00ebn\u00eb \u2014 E Shtun\u00eb: 9:00 \u2014 19:00&#8243;][\/vc_column][vc_column width=&#8221;2\/3&#8243;][stm_title title_tag=&#8221;div&#8221; title_color=&#8221;custom&#8221; title=&#8221;Na kontaktoni&#8221; title_color_custom=&#8221;#000000&#8243; title_font_size=&#8221;30px&#8221; title_line_height=&#8221;54px&#8221; title_margin_b=&#8221;24px&#8221; title_margin_t=&#8221;40px&#8221;][\/stm_title][\/vc_column][\/vc_row][vc_row full_width=&#8221;stretch_row&#8221; css=&#8221;.vc_custom_1569216073429{background-color: #0c51ff !important;}&#8221;][vc_column [&hellip;]<\/p>\n","protected":false},"author":1,"featured_media":0,"parent":0,"menu_order":7,"comment_status":"closed","ping_status":"closed","template":"","meta":{"footnotes":""},"class_list":["post-2373","page","type-page","status-publish","hentry"],"_links":{"self":[{"href":"https:\/\/infinitcenter.com\/en\/wp-json\/wp\/v2\/pages\/2373","targetHints":{"allow":["GET"]}}],"collection":[{"href":"https:\/\/infinitcenter.com\/en\/wp-json\/wp\/v2\/pages"}],"about":[{"href":"https:\/\/infinitcenter.com\/en\/wp-json\/wp\/v2\/types\/page"}],"author":[{"embeddable":true,"href":"https:\/\/infinitcenter.com\/en\/wp-json\/wp\/v2\/users\/1"}],"replies":[{"embeddable":true,"href":"https:\/\/infinitcenter.com\/en\/wp-json\/wp\/v2\/comments?post=2373"}],"version-history":[{"count":5,"href":"https:\/\/infinitcenter.com\/en\/wp-json\/wp\/v2\/pages\/2373\/revisions"}],"predecessor-version":[{"id":3195,"href":"https:\/\/infinitcenter.com\/en\/wp-json\/wp\/v2\/pages\/2373\/revisions\/3195"}],"wp:attachment":[{"href":"https:\/\/infinitcenter.com\/en\/wp-json\/wp\/v2\/media?parent=2373"}],"curies":[{"name":"wp","href":"https:\/\/api.w.org\/{rel}","templated":true}]}}