{"id":3168,"date":"2022-06-19T17:35:17","date_gmt":"2022-06-19T17:35:17","guid":{"rendered":"https:\/\/infinitcenter.com\/en\/?page_id=3168"},"modified":"2022-09-25T20:41:26","modified_gmt":"2022-09-25T20:41:26","slug":"stafi-dhe-trajneret","status":"publish","type":"page","link":"https:\/\/infinitcenter.com\/en\/stafi-dhe-trajneret\/","title":{"rendered":"Stafi dhe Trajner\u00ebt"},"content":{"rendered":"<section class=\"wpb-content-wrapper\"><p>[vc_row][vc_column][vc_column_text]<span style=\"font-size: 14pt;\">Ne gjithashtu synojm\u00eb q\u00eb p\u00ebrmes shembullit t\u00eb m\u00ebsimdh\u00ebn\u00ebsve, trajner\u00ebve, ekspert\u00ebve dhe stafit administrativ t\u00eb nd\u00ebrtojm\u00eb nj\u00eb qasje kritike dhe bazuar n\u00eb vlera morale. Qendra INFINIT suksesin e saj e bazon n\u00eb personelin e angazhuar i cili \u00ebsht\u00eb zemra e institucionit. Nga niveli i ekspert\u00ebve, profesor\u00ebve, trajner\u00ebve, e deri t\u00eb pozita m\u00eb modeste ne fokusohemi t\u00eb angazhojm\u00eb individ\u00eb t\u00eb talentuar, me kompetenc\u00eb njohuri, p\u00ebrkushtim dhe vlera t\u00eb larta morale.<\/span>[\/vc_column_text][\/vc_column][\/vc_row][vc_row][vc_column][vc_tta_tabs][vc_tta_section title=&#8221;Koordinator\u00ebt&#8221; tab_id=&#8221;1655659890119-cb381e05-b65e&#8221;][stm_teachers teachers_category=&#8221;kordinator&#8221;][\/vc_tta_section][vc_tta_section title=&#8221;Administrata&#8221; tab_id=&#8221;1655659890133-4817f118-7b3d&#8221;][stm_teachers teachers_category=&#8221;administrat&#8221;][\/vc_tta_section][vc_tta_section title=&#8221;Gjuh\u00eb t\u00eb huaja&#8221; tab_id=&#8221;1655659951831-5dce6cdf-9d71&#8243;][stm_teachers teachers_category=&#8221;gjuhe-te-huaja&#8221;][\/vc_tta_section][vc_tta_section title=&#8221;Dizajn &amp; Fotografi&#8221; tab_id=&#8221;1655660021732-9a27038e-0fc3&#8243;][stm_teachers teachers_category=&#8221;art-dizajn&#8221;][\/vc_tta_section][vc_tta_section title=&#8221;Programim&#8221; tab_id=&#8221;1655660066089-49cb3e16-886b&#8221;][stm_teachers teachers_category=&#8221;programim&#8221;][\/vc_tta_section][vc_tta_section title=&#8221;Inxhinieri&#8221; tab_id=&#8221;1655660067984-e3edbe71-08d6&#8243;][stm_teachers teachers_category=&#8221;inxhinieri&#8221;][\/vc_tta_section][\/vc_tta_tabs][\/vc_column][\/vc_row]<\/p>\n<\/section>","protected":false},"excerpt":{"rendered":"<p>[vc_row][vc_column][vc_column_text]Ne gjithashtu synojm\u00eb q\u00eb p\u00ebrmes shembullit t\u00eb m\u00ebsimdh\u00ebn\u00ebsve, trajner\u00ebve, ekspert\u00ebve dhe stafit administrativ t\u00eb nd\u00ebrtojm\u00eb nj\u00eb qasje kritike dhe bazuar n\u00eb vlera morale. Qendra INFINIT suksesin e saj e bazon n\u00eb personelin e angazhuar i cili \u00ebsht\u00eb zemra e institucionit. Nga niveli i ekspert\u00ebve, profesor\u00ebve, trajner\u00ebve, e deri t\u00eb pozita m\u00eb modeste ne fokusohemi t\u00eb [&hellip;]<\/p>\n","protected":false},"author":1,"featured_media":0,"parent":0,"menu_order":0,"comment_status":"closed","ping_status":"closed","template":"","meta":{"footnotes":""},"class_list":["post-3168","page","type-page","status-publish","hentry"],"_links":{"self":[{"href":"https:\/\/infinitcenter.com\/en\/wp-json\/wp\/v2\/pages\/3168","targetHints":{"allow":["GET"]}}],"collection":[{"href":"https:\/\/infinitcenter.com\/en\/wp-json\/wp\/v2\/pages"}],"about":[{"href":"https:\/\/infinitcenter.com\/en\/wp-json\/wp\/v2\/types\/page"}],"author":[{"embeddable":true,"href":"https:\/\/infinitcenter.com\/en\/wp-json\/wp\/v2\/users\/1"}],"replies":[{"embeddable":true,"href":"https:\/\/infinitcenter.com\/en\/wp-json\/wp\/v2\/comments?post=3168"}],"version-history":[{"count":6,"href":"https:\/\/infinitcenter.com\/en\/wp-json\/wp\/v2\/pages\/3168\/revisions"}],"predecessor-version":[{"id":3565,"href":"https:\/\/infinitcenter.com\/en\/wp-json\/wp\/v2\/pages\/3168\/revisions\/3565"}],"wp:attachment":[{"href":"https:\/\/infinitcenter.com\/en\/wp-json\/wp\/v2\/media?parent=3168"}],"curies":[{"name":"wp","href":"https:\/\/api.w.org\/{rel}","templated":true}]}}