{"id":3202,"date":"2022-06-19T20:10:11","date_gmt":"2022-06-19T20:10:11","guid":{"rendered":"https:\/\/infinitcenter.com\/en\/?page_id=3202"},"modified":"2022-06-19T21:47:20","modified_gmt":"2022-06-19T21:47:20","slug":"graphic-design-2","status":"publish","type":"page","link":"https:\/\/infinitcenter.com\/en\/graphic-design-2\/","title":{"rendered":"Graphic Design"},"content":{"rendered":"<section class=\"wpb-content-wrapper\"><p>[vc_row css=&#8221;.vc_custom_1473328990059{margin-bottom: 50px !important;}&#8221;][vc_column width=&#8221;2\/3&#8243;][stm_title title_tag=&#8221;h2&#8243; title=&#8221;Q\u00ebllimi i trajnimit &amp; P\u00ebrfitimet e nx\u00ebn\u00ebsit&#8221;][\/stm_title][vc_column_text css=&#8221;.vc_custom_1655669332983{margin-bottom: 30px !important;}&#8221;]Q\u00ebllimi kryesor i k\u00ebtij\u00eb kursi \u00ebsht\u00eb n\u00eb ofrimin e njohurive bazike p\u00ebr student\u00ebt p\u00ebr krijimin nj\u00eb projekti imagjinar\u00eb duke filluar nga emri, llogo, branding, dhe t\u00eb gjitha k\u00ebrkesat q\u00eb mund t\u00eb ket\u00eb brendi i caktuar.<br \/>\n<strong>Pas p\u00ebrfundimit t\u00eb k\u00ebtij\u00eb kursi,nx\u00ebn\u00ebsi\/studenti do jet\u00eb n\u00eb gjendje t\u00eb:<\/strong><\/p>\n<ul>\n<li>T\u2019i njoh\u00eb bazat e dizajnit grafik<\/li>\n<li>T\u00eb ket\u00eb njohuri n\u00eb Adobe Illustrator<\/li>\n<li>T\u00eb ket\u00eb njohuri n\u00eb Adobe Photoshop<\/li>\n<li>T\u00eb ket\u00eb mund\u00ebsi t\u00eb krijoj\u00eb nj\u00eb projekt imagjinar\u00eb duke filluar nga emri, llogo, branding, dhe t\u00eb gjitha k\u00ebrkesat q\u00eb mund t\u00eb ket\u00eb brendi i caktuar.<\/li>\n<\/ul>\n<p>[\/vc_column_text][stm_title title_tag=&#8221;h4&#8243; title=&#8221;Metodologjia p\u00ebr realizimin e temave m\u00ebsimore:&#8221;][\/stm_title][vc_column_text]Kursi \u00ebsht\u00eb kombinim i ligj\u00ebratave, diskutimeve, bisedave dhe ushtrimeve praktike.[\/vc_column_text][stm_title title_tag=&#8221;h4&#8243; title=&#8221;Kushtet p\u00ebr realizimin e temave m\u00ebsimore:&#8221;][\/stm_title][vc_column_text]Literatura adekuate, tabela, kompjuteri, projektori dhe mjetet tjera TI p\u00ebr m\u00ebsim dhe ushtrime.[\/vc_column_text][\/vc_column][vc_column width=&#8221;1\/3&#8243;][vc_single_image image=&#8221;3232&#8243; img_size=&#8221;full&#8221;][\/vc_column][\/vc_row][vc_row][vc_column][vc_tta_accordion active_section=&#8221;1&#8243;][vc_tta_section title=&#8221;Ligj\u00ebratat&#8221; tab_id=&#8221;1655673861840-0964b3e5-af9f&#8221;][vc_column_text]Studenti\/nx\u00ebn\u00ebsi duhet t\u00eb jet\u00eb i rregullt n\u00eb ligj\u00ebrata dhe ushtrime, t\u00eb shfryt\u00ebzoj t\u00eb gjitha mund\u00ebsit\u00eb p\u00ebr nx\u00ebnie t\u00eb dijes, t\u00eb p\u00ebrdor\u00eb literatur\u00ebn e obliguar dhe m\u00eb t\u00eb gjer\u00eb, t\u00eb jet\u00eb aktiv dhe t\u00eb respektoj rregullat e \u201cINFINIT\u201d.[\/vc_column_text][\/vc_tta_section][vc_tta_section title=&#8221;Ushtrimet&#8221; tab_id=&#8221;1655673861857-91175ce0-02d0&#8243;][vc_column_text]Studenti\/nx\u00ebn\u00ebsi duhet t\u00eb jet\u00eb aktiv n\u00eb ushtrime dhe t\u00eb reflektoj gatishm\u00ebri dhe dije p\u00ebr iniciativa, ide dhe demonstrim t\u00eb njohurive t\u00eb marra n\u00eb ligj\u00ebrata.[\/vc_column_text][\/vc_tta_section][vc_tta_section title=&#8221;Bazat e Dizajnit Grafik&#8221; tab_id=&#8221;1655674532152-5e8601a1-e272&#8243;][vc_column_text]<strong>Or\u00ebt e planifikuara p\u00ebr k\u00ebto aktivitete:<\/strong><\/p>\n<p><strong>4 or\u00eb m\u00ebsimore<\/strong><\/p>\n<p>Bazat e Dizajnit Grafik<br \/>\n&#8211; Procesi<br \/>\n&#8211; \u00c7asja<br \/>\n&#8211; Q\u00ebllimi<br \/>\n&#8211; Metodat<br \/>\n&#8211; Aft\u00ebsit\u00eb e hulumtimit<br \/>\n&#8211; Ngjyrat<br \/>\n&#8211; Fontet<br \/>\n&#8211; Format<br \/>\n&#8211; Vegalt e pun\u00ebs, etj.[\/vc_column_text][\/vc_tta_section][vc_tta_section title=&#8221;Adobe Ilustrator&#8221; tab_id=&#8221;1655674637597-8d1c634d-38c1&#8243;][vc_column_text]<strong>Or\u00ebt e planifikuara p\u00ebr k\u00ebto aktivitete:<\/strong><\/p>\n<p><strong>14 or\u00eb m\u00ebsimore<\/strong><\/p>\n<p><strong><br \/>\nAdobe Ilustrator<\/strong><\/p>\n<ul>\n<li>Hap\u00ebsira punuese<\/li>\n<li>Elementet bazike<\/li>\n<li>Veglat<\/li>\n<li>Figurat<\/li>\n<li>Vijat<\/li>\n<li>Fontet<\/li>\n<\/ul>\n<p><strong><u>Aktivitet<\/u><\/strong><strong>: <\/strong>Zhvillim i pun\u00ebs, Koncepti\/Dizajnimi i Llogos, Dizajnimi i materialeve p\u00ebrcjell\u00ebse: Vizitkarta, Memorandum, Poster, etj.[\/vc_column_text][\/vc_tta_section][vc_tta_section title=&#8221;Adobe Photoshop&#8221; tab_id=&#8221;1655674716990-6720877b-8ec5&#8243;][vc_column_text]<strong>Or\u00ebt e planifikuara p\u00ebr k\u00ebto aktivitete:<\/strong><\/p>\n<p><strong>14 or\u00eb m\u00ebsimore<\/strong><\/p>\n<ul>\n<li>Hap\u00ebsira punuese<\/li>\n<li>Elementet bazike<\/li>\n<li>Veglat<\/li>\n<li>Figurat<\/li>\n<li>Vijat<\/li>\n<li>Fontet<\/li>\n<\/ul>\n<p><strong>\u00a0<\/strong><strong><u>Aktivitet: <\/u><\/strong>Zhvillimi i pun\u00ebs, Selektimi, Transformimi, Manipulimi i fotografive, krijimi i postimeve p\u00ebr rrjete sociale, nd\u00ebrlidhja mes Adobe Illustrator.[\/vc_column_text][\/vc_tta_section][vc_tta_section title=&#8221;Projekti Final&#8221; tab_id=&#8221;1655674766692-9c89b63a-f0c6&#8243;][vc_column_text]<strong>Or\u00ebt e planifikuara p\u00ebr k\u00ebto aktivitete:<\/strong><\/p>\n<p><strong>8 or\u00eb m\u00ebsimore<\/strong><\/p>\n<p>Do t\u00eb m\u00ebsoni t\u00eb krijoni nj\u00eb projekt imagjinar\u00eb duke filluar nga emri, llogo, branding dhe t\u00eb gjitha k\u00ebrkesat q\u00eb mund t\u00eb ket\u00eb brendi i caktuar.[\/vc_column_text][\/vc_tta_section][\/vc_tta_accordion][\/vc_column][\/vc_row]<\/p>\n<\/section>","protected":false},"excerpt":{"rendered":"<p>[vc_row css=&#8221;.vc_custom_1473328990059{margin-bottom: 50px !important;}&#8221;][vc_column width=&#8221;2\/3&#8243;][stm_title title_tag=&#8221;h2&#8243; title=&#8221;Q\u00ebllimi i trajnimit &amp; P\u00ebrfitimet e nx\u00ebn\u00ebsit&#8221;][\/stm_title][vc_column_text css=&#8221;.vc_custom_1655669332983{margin-bottom: 30px !important;}&#8221;]Q\u00ebllimi kryesor i k\u00ebtij\u00eb kursi \u00ebsht\u00eb n\u00eb ofrimin e njohurive bazike p\u00ebr student\u00ebt p\u00ebr krijimin nj\u00eb projekti imagjinar\u00eb duke filluar nga emri, llogo, branding, dhe t\u00eb gjitha k\u00ebrkesat q\u00eb mund t\u00eb ket\u00eb brendi i caktuar. Pas p\u00ebrfundimit t\u00eb k\u00ebtij\u00eb kursi,nx\u00ebn\u00ebsi\/studenti [&hellip;]<\/p>\n","protected":false},"author":1,"featured_media":0,"parent":0,"menu_order":0,"comment_status":"closed","ping_status":"closed","template":"","meta":{"footnotes":""},"class_list":["post-3202","page","type-page","status-publish","hentry"],"_links":{"self":[{"href":"https:\/\/infinitcenter.com\/en\/wp-json\/wp\/v2\/pages\/3202","targetHints":{"allow":["GET"]}}],"collection":[{"href":"https:\/\/infinitcenter.com\/en\/wp-json\/wp\/v2\/pages"}],"about":[{"href":"https:\/\/infinitcenter.com\/en\/wp-json\/wp\/v2\/types\/page"}],"author":[{"embeddable":true,"href":"https:\/\/infinitcenter.com\/en\/wp-json\/wp\/v2\/users\/1"}],"replies":[{"embeddable":true,"href":"https:\/\/infinitcenter.com\/en\/wp-json\/wp\/v2\/comments?post=3202"}],"version-history":[{"count":27,"href":"https:\/\/infinitcenter.com\/en\/wp-json\/wp\/v2\/pages\/3202\/revisions"}],"predecessor-version":[{"id":3233,"href":"https:\/\/infinitcenter.com\/en\/wp-json\/wp\/v2\/pages\/3202\/revisions\/3233"}],"wp:attachment":[{"href":"https:\/\/infinitcenter.com\/en\/wp-json\/wp\/v2\/media?parent=3202"}],"curies":[{"name":"wp","href":"https:\/\/api.w.org\/{rel}","templated":true}]}}