{"id":3236,"date":"2022-06-19T21:59:41","date_gmt":"2022-06-19T21:59:41","guid":{"rendered":"https:\/\/infinitcenter.com\/en\/?page_id=3236"},"modified":"2022-07-17T20:13:32","modified_gmt":"2022-07-17T20:13:32","slug":"front-end-web-development","status":"publish","type":"page","link":"https:\/\/infinitcenter.com\/en\/front-end-web-development\/","title":{"rendered":"Front-end Web Development"},"content":{"rendered":"<section class=\"wpb-content-wrapper\"><p>[vc_row css=&#8221;.vc_custom_1473328990059{margin-bottom: 50px !important;}&#8221;][vc_column width=&#8221;2\/3&#8243;][stm_title title_tag=&#8221;h2&#8243; title=&#8221;Q\u00ebllimi i trajnimit &amp; P\u00ebrfitimet e nx\u00ebn\u00ebsit&#8221;][\/stm_title][vc_column_text css=&#8221;.vc_custom_1658088562675{margin-bottom: 30px !important;}&#8221;]Q\u00ebllimi kryesor i k\u00ebtij kursi \u00ebsht\u00eb n\u00eb ofrimin e njohurive bazike p\u00ebr student\u00ebt p\u00ebr krijimin nj\u00eb ueb sajti personal t\u00eb tyre. N\u00eb k\u00ebt\u00eb kurs, instruktori do t\u2019i pregatis\u00eb nx\u00ebn\u00ebsit n\u00eb p\u00ebrdorimin dhe organizimin e ueb sajtit duke p\u00ebrdorur teknologjit\u00eb e njohura HTML5, CSS3 dhe JavaScript. Poashtu, nx\u00ebn\u00ebsit do t\u00eb p\u00ebrfitojn\u00eb njohuri t\u00eb detajuara n\u00eb definimin e p\u00ebrmbajtjes s\u00eb ueb sajtit duke p\u00ebrdorur HTML5 (HyperText Markup Language), duke shtuar k\u00ebshtu HTML5 tagjet si\u00e7 jan\u00eb titujt, n\u00ebntitujt, paragrafet, listat, linkat, shtimin e videove, imazheve si dhe elementeve t\u00eb tjera n\u00eb ueb sajt.<\/p>\n<p><strong>Pas p\u00ebrfundimit t\u00eb k\u00ebtij\u00eb kursi,nx\u00ebn\u00ebsi\/studenti do jet\u00eb n\u00eb gjendje t\u00eb:<\/strong><\/p>\n<ul>\n<li>Kuptoj\u00eb n\u00eb p\u00ebrgjith\u00ebsi sistemin e funksionimit t\u00eb HTML5, CSS3 dhe JavaScript.<\/li>\n<li>T\u00eb kuptoj\u00eb rolin e secil\u00ebs prej tyre dhe dallimet nd\u00ebrmjet tyre.<\/li>\n<li>Mir\u00ebmban dhe p\u00ebrdit\u00ebson ueb sajtin e tij, shtimin e elementeve t\u00eb ndryshme dhe avancimin e ueb sajtit.<\/li>\n<\/ul>\n<p>[\/vc_column_text][stm_title title_tag=&#8221;h4&#8243; title=&#8221;Metodologjia p\u00ebr realizimin e temave m\u00ebsimore:&#8221;][\/stm_title][vc_column_text]Kursi \u00ebsht\u00eb kombinim i ligj\u00ebratave, diskutimeve, bisedave dhe ushtrimeve praktike.[\/vc_column_text][stm_title title_tag=&#8221;h4&#8243; title=&#8221;Kushtet p\u00ebr realizimin e temave m\u00ebsimore:&#8221;][\/stm_title][vc_column_text]Literatura adekuate, tabela, kompjuteri, projektori dhe mjetet tjera TI p\u00ebr m\u00ebsim dhe ushtrime.[\/vc_column_text][\/vc_column][vc_column width=&#8221;1\/3&#8243;][vc_single_image image=&#8221;3238&#8243; img_size=&#8221;full&#8221;][\/vc_column][\/vc_row][vc_row][vc_column][vc_tta_accordion active_section=&#8221;1&#8243;][vc_tta_section title=&#8221;Ligj\u00ebratat&#8221; tab_id=&#8221;1655673861840-0964b3e5-af9f&#8221;][vc_column_text]Studenti\/nx\u00ebn\u00ebsi duhet t\u00eb jet\u00eb i rregullt n\u00eb ligj\u00ebrata dhe ushtrime, t\u00eb shfryt\u00ebzoj t\u00eb gjitha mund\u00ebsit\u00eb p\u00ebr nx\u00ebnie t\u00eb dijes, t\u00eb p\u00ebrdor\u00eb literatur\u00ebn e obliguar dhe m\u00eb t\u00eb gjer\u00eb, t\u00eb jet\u00eb aktiv dhe t\u00eb respektoj rregullat e \u201cINFINIT\u201d.[\/vc_column_text][\/vc_tta_section][vc_tta_section title=&#8221;Ushtrimet&#8221; tab_id=&#8221;1655673861857-91175ce0-02d0&#8243;][vc_column_text]Studenti\/nx\u00ebn\u00ebsi duhet t\u00eb jet\u00eb aktiv n\u00eb ushtrime dhe t\u00eb reflektoj gatishm\u00ebri dhe dije p\u00ebr iniciativa, ide dhe demonstrim t\u00eb njohurive t\u00eb marra n\u00eb ligj\u00ebrata.[\/vc_column_text][\/vc_tta_section][vc_tta_section title=&#8221;Hyrje n\u00eb HTML5 dhe CSS3&#8243; tab_id=&#8221;1655674532152-5e8601a1-e272&#8243;][vc_column_text]Fuksionet bazike t\u00eb HTML5[\/vc_column_text][\/vc_tta_section][vc_tta_section title=&#8221;Elementet dhe struktura e HTML5&#8243; tab_id=&#8221;1655674637597-8d1c634d-38c1&#8243;][\/vc_tta_section][vc_tta_section title=&#8221;Elementet bazike t\u00eb CSS3 (Cascading Style Sheets)&#8221; tab_id=&#8221;1655674716990-6720877b-8ec5&#8243;][\/vc_tta_section][vc_tta_section title=&#8221;CSS3 selektor\u00ebt, ve\u00e7orit\u00eb dhe vlerat e tyre&#8221; tab_id=&#8221;1655674766692-9c89b63a-f0c6&#8243;][\/vc_tta_section][vc_tta_section title=&#8221;Ku t\u00eb sh\u00ebnohet CSS3?&#8221; tab_id=&#8221;1655675678770-0693f36f-b2a6&#8243;][vc_column_text]<\/p>\n<ul>\n<li>Direkt n\u00eb elementet HTML5<\/li>\n<li>Brenda elementit \u201cstyle\u201d apo<\/li>\n<li>Ndaras n\u00eb nj\u00eb fajll t\u00eb dedikuar CSS3.<\/li>\n<\/ul>\n<p>[\/vc_column_text][\/vc_tta_section][vc_tta_section title=&#8221;Komentimi ne HTML&#8221; tab_id=&#8221;1655675679812-35d29c43-021c&#8221;][vc_column_text]<\/p>\n<ul>\n<li>Komentimi i kodit n\u00eb HTML5 dhe CSS3<\/li>\n<li>Elementet tekst, struktur\u00eb dhe hiperlinkat<\/li>\n<li>Inkorporimi i listave, imazheve dhe videove<\/li>\n<\/ul>\n<p>[\/vc_column_text][\/vc_tta_section][vc_tta_section title=&#8221;Tabelat, format dhe praktikat m\u00eb t\u00eb mira t\u00eb HTML5&#8243; tab_id=&#8221;1655675753686-be284041-4fcf&#8221;][\/vc_tta_section][vc_tta_section title=&#8221;Efektet e CSS3&#8243; tab_id=&#8221;1655675772935-4d886a20-17f3&#8243;][vc_column_text]<\/p>\n<ul>\n<li>Selektor\u00ebt e avancuar<\/li>\n<li>P\u00ebrdorimi i ngjyrave<\/li>\n<li>Gjat\u00ebsia (p\u00ebr definim t\u00eb madh\u00ebsis\u00eb dhe pozit\u00ebs s\u00eb gj\u00ebrave- \u201cthings\u201d)<\/li>\n<\/ul>\n<p>[\/vc_column_text][\/vc_tta_section][vc_tta_section title=&#8221;JavaScript dhe p\u00ebrdorimi i saj&#8221; tab_id=&#8221;1655675808253-b2ba4ce8-f95e&#8221;][vc_column_text]Struktura bazike e JavaScritpt[\/vc_column_text][\/vc_tta_section][vc_tta_section title=&#8221;Vlerat, tipet, operatoret dhe variablat e JavaScript&#8221; tab_id=&#8221;1655675876059-f8c2f08b-1728&#8243;][vc_column_text]Hyrje gjenerale n\u00eb kornizat (frameworks) e JavaScript[\/vc_column_text][\/vc_tta_section][vc_tta_section title=&#8221;Projekti final&#8221; tab_id=&#8221;1655675910898-1d5592fc-4b5a&#8221;][vc_column_text]<\/p>\n<ul>\n<li>P\u00ebrfundimi i ueb sajtit personal, mbushja e kontentit dhe struturimi<\/li>\n<li>Prezantimi individual i ueb sajtit<\/li>\n<li>Shp\u00ebrndarja e certifikatave t\u00eb trajnimit<\/li>\n<\/ul>\n<p>[\/vc_column_text][\/vc_tta_section][\/vc_tta_accordion][\/vc_column][\/vc_row]<\/p>\n<\/section>","protected":false},"excerpt":{"rendered":"<p>[vc_row css=&#8221;.vc_custom_1473328990059{margin-bottom: 50px !important;}&#8221;][vc_column width=&#8221;2\/3&#8243;][stm_title title_tag=&#8221;h2&#8243; title=&#8221;Q\u00ebllimi i trajnimit &amp; P\u00ebrfitimet e nx\u00ebn\u00ebsit&#8221;][\/stm_title][vc_column_text css=&#8221;.vc_custom_1658088562675{margin-bottom: 30px !important;}&#8221;]Q\u00ebllimi kryesor i k\u00ebtij kursi \u00ebsht\u00eb n\u00eb ofrimin e njohurive bazike p\u00ebr student\u00ebt p\u00ebr krijimin nj\u00eb ueb sajti personal t\u00eb tyre. N\u00eb k\u00ebt\u00eb kurs, instruktori do t\u2019i pregatis\u00eb nx\u00ebn\u00ebsit n\u00eb p\u00ebrdorimin dhe organizimin e ueb sajtit duke p\u00ebrdorur teknologjit\u00eb e [&hellip;]<\/p>\n","protected":false},"author":1,"featured_media":0,"parent":0,"menu_order":0,"comment_status":"closed","ping_status":"closed","template":"","meta":{"footnotes":""},"class_list":["post-3236","page","type-page","status-publish","hentry"],"_links":{"self":[{"href":"https:\/\/infinitcenter.com\/en\/wp-json\/wp\/v2\/pages\/3236","targetHints":{"allow":["GET"]}}],"collection":[{"href":"https:\/\/infinitcenter.com\/en\/wp-json\/wp\/v2\/pages"}],"about":[{"href":"https:\/\/infinitcenter.com\/en\/wp-json\/wp\/v2\/types\/page"}],"author":[{"embeddable":true,"href":"https:\/\/infinitcenter.com\/en\/wp-json\/wp\/v2\/users\/1"}],"replies":[{"embeddable":true,"href":"https:\/\/infinitcenter.com\/en\/wp-json\/wp\/v2\/comments?post=3236"}],"version-history":[{"count":4,"href":"https:\/\/infinitcenter.com\/en\/wp-json\/wp\/v2\/pages\/3236\/revisions"}],"predecessor-version":[{"id":3499,"href":"https:\/\/infinitcenter.com\/en\/wp-json\/wp\/v2\/pages\/3236\/revisions\/3499"}],"wp:attachment":[{"href":"https:\/\/infinitcenter.com\/en\/wp-json\/wp\/v2\/media?parent=3236"}],"curies":[{"name":"wp","href":"https:\/\/api.w.org\/{rel}","templated":true}]}}