{"id":3314,"date":"2022-07-05T16:19:32","date_gmt":"2022-07-05T16:19:32","guid":{"rendered":"https:\/\/infinitcenter.com\/en\/?page_id=3314"},"modified":"2022-07-20T13:29:23","modified_gmt":"2022-07-20T13:29:23","slug":"hapsirat-tona","status":"publish","type":"page","link":"https:\/\/infinitcenter.com\/en\/hapsirat-tona\/","title":{"rendered":"Hap\u00ebsirat tona"},"content":{"rendered":"<section class=\"wpb-content-wrapper\"><p>[vc_row][vc_column][stm_title title_tag=&#8221;div&#8221; title_color=&#8221;custom&#8221; title_font_weight=&#8221;400&#8243; title_font_style=&#8221;normal&#8221; page_title_enable=&#8221;true&#8221; title_color_custom=&#8221;#000000&#8243; title_font_size=&#8221;36px&#8221; title_line_height=&#8221;54px&#8221; title_margin_b=&#8221;21px&#8221;][\/stm_title][vc_row_inner css=&#8221;.vc_custom_1472037297757{margin-bottom: 30px !important;}&#8221;][vc_column_inner width=&#8221;1\/2&#8243;][stm_title title_tag=&#8221;div&#8221; title_color=&#8221;custom&#8221; title=&#8221;Infinit Training Center \u00ebsht\u00eb e pajisur me dy laboratore t\u00eb IT-s\u00eb dhe salla p\u00ebr trajnime t\u00eb ndryshme p\u00ebrfshi ato t\u00eb linguistik\u00ebs dhe paisje smart&#8221; title_color_custom=&#8221;#000000&#8243; title_font_size=&#8221;20px&#8221; title_line_height=&#8221;36px&#8221; title_margin_b=&#8221;35px&#8221;][\/stm_title][vc_column_text css=&#8221;.vc_custom_1658323690579{margin-top: 2px !important;}&#8221;]<span style=\"display: block; font-family: Work Sans, sans-serif; font-size: 15px; line-height: 30px; letter-spacing: -0.20px;\">INFINIT Qatar Training Center \u00ebsht\u00eb themeluar n\u00eb Qershor t\u00eb vitit 2012 me q\u00ebllim t\u00eb ofrimit t\u00eb mund\u00ebsive p\u00ebr ngritjen e shkatht\u00ebsive n\u00eb fusha t\u00eb ndryshme p\u00ebr shoq\u00ebrin\u00eb n\u00eb p\u00ebrgjith\u00ebsi dhe t\u00eb rinjt\u00eb n\u00eb ve\u00e7anti.<br \/>\nQendra INFINIT ka nj\u00eb infrastruktur\u00eb moderne p\u00ebr mbajtjen e trajnimeve dhe kurseve. Me nj\u00eb hap\u00ebsir\u00eb prej 480 metra katror, me pajisje teknologjike t\u00eb avancuara dhe salla t\u00eb p\u00ebrshtatshme me komoditet p\u00ebr mbajtjen e kurseve dhe trajnimeve.<br \/>\nN\u00eb INFINIT \u00e7do person i interesuar mund ta gjej\u00eb veten e tij, me nj\u00eb ambient t\u00ebrheq\u00ebs me infrastruktur\u00eb moderne me brendet e fundit t\u00eb teknologjis\u00eb dhe staf t\u00eb p\u00ebrzgjedhur, nj\u00ebkoh\u00ebsisht duke angazhuar ekspert\u00eb, trajner\u00eb dhe profesor\u00eb t\u00eb d\u00ebshmuar n\u00eb fusha specifike. N\u00eb INFINIT ju mund t\u00eb p\u00ebrfitoni dhe avanconi njohuri t\u00eb reja nga fusha e linguistik\u00ebs (m\u00ebsimit t\u00eb gjuh\u00ebve t\u00eb huaja), trajnimeve n\u00eb fush\u00ebn e teknologjis\u00eb informative, Menaxhimit &amp; Marketingut si dhe shum\u00eb kurse\/trajnime t\u00eb tjera specifike.<br \/>\n<\/span>[\/vc_column_text][\/vc_column_inner][vc_column_inner width=&#8221;1\/2&#8243;][vc_gallery type=&#8221;nivo&#8221; interval=&#8221;3&#8243; images=&#8221;3313,3312,3311,3310,3309,3308,3307,3306,3305,3304,3303,3302,3301,3300,3299,3298,3297,3296,3295,3294,3293,3292,3291,3290,3289,3288,3287,3286,3285,3284,3283,3282,3281,3280,3278,3277,3276,3275,3274,3257,3243,3273&#8243; img_size=&#8221;full&#8221; title=&#8221;Galeria&#8221;][\/vc_column_inner][\/vc_row_inner][\/vc_column][\/vc_row]<\/p>\n<\/section>","protected":false},"excerpt":{"rendered":"<p>[vc_row][vc_column][stm_title title_tag=&#8221;div&#8221; title_color=&#8221;custom&#8221; title_font_weight=&#8221;400&#8243; title_font_style=&#8221;normal&#8221; page_title_enable=&#8221;true&#8221; title_color_custom=&#8221;#000000&#8243; title_font_size=&#8221;36px&#8221; title_line_height=&#8221;54px&#8221; title_margin_b=&#8221;21px&#8221;][\/stm_title][vc_row_inner css=&#8221;.vc_custom_1472037297757{margin-bottom: 30px !important;}&#8221;][vc_column_inner width=&#8221;1\/2&#8243;][stm_title title_tag=&#8221;div&#8221; title_color=&#8221;custom&#8221; title=&#8221;Infinit Training Center \u00ebsht\u00eb e pajisur me dy laboratore t\u00eb IT-s\u00eb dhe salla p\u00ebr trajnime t\u00eb ndryshme p\u00ebrfshi ato t\u00eb linguistik\u00ebs dhe paisje smart&#8221; title_color_custom=&#8221;#000000&#8243; title_font_size=&#8221;20px&#8221; title_line_height=&#8221;36px&#8221; title_margin_b=&#8221;35px&#8221;][\/stm_title][vc_column_text css=&#8221;.vc_custom_1658323690579{margin-top: 2px !important;}&#8221;]INFINIT Qatar Training Center \u00ebsht\u00eb themeluar n\u00eb Qershor t\u00eb [&hellip;]<\/p>\n","protected":false},"author":1,"featured_media":0,"parent":0,"menu_order":0,"comment_status":"closed","ping_status":"closed","template":"","meta":{"footnotes":""},"class_list":["post-3314","page","type-page","status-publish","hentry"],"_links":{"self":[{"href":"https:\/\/infinitcenter.com\/en\/wp-json\/wp\/v2\/pages\/3314","targetHints":{"allow":["GET"]}}],"collection":[{"href":"https:\/\/infinitcenter.com\/en\/wp-json\/wp\/v2\/pages"}],"about":[{"href":"https:\/\/infinitcenter.com\/en\/wp-json\/wp\/v2\/types\/page"}],"author":[{"embeddable":true,"href":"https:\/\/infinitcenter.com\/en\/wp-json\/wp\/v2\/users\/1"}],"replies":[{"embeddable":true,"href":"https:\/\/infinitcenter.com\/en\/wp-json\/wp\/v2\/comments?post=3314"}],"version-history":[{"count":14,"href":"https:\/\/infinitcenter.com\/en\/wp-json\/wp\/v2\/pages\/3314\/revisions"}],"predecessor-version":[{"id":3503,"href":"https:\/\/infinitcenter.com\/en\/wp-json\/wp\/v2\/pages\/3314\/revisions\/3503"}],"wp:attachment":[{"href":"https:\/\/infinitcenter.com\/en\/wp-json\/wp\/v2\/media?parent=3314"}],"curies":[{"name":"wp","href":"https:\/\/api.w.org\/{rel}","templated":true}]}}