{"id":3353,"date":"2022-07-05T19:07:31","date_gmt":"2022-07-05T19:07:31","guid":{"rendered":"https:\/\/infinitcenter.com\/en\/?page_id=3353"},"modified":"2022-09-12T13:36:29","modified_gmt":"2022-09-12T13:36:29","slug":"trajnim-per-fotografi","status":"publish","type":"page","link":"https:\/\/infinitcenter.com\/en\/trajnim-per-fotografi\/","title":{"rendered":"Trajnim p\u00ebr Fotografi"},"content":{"rendered":"<section class=\"wpb-content-wrapper\"><p>[vc_row css=&#8221;.vc_custom_1473328990059{margin-bottom: 50px !important;}&#8221;][vc_column width=&#8221;2\/3&#8243;][stm_title title_tag=&#8221;h2&#8243; title=&#8221;Q\u00ebllimi i trajnimit &amp; P\u00ebrfitimet e nx\u00ebn\u00ebsit&#8221;][\/stm_title][vc_column_text css=&#8221;.vc_custom_1662989780037{margin-bottom: 30px !important;}&#8221;]Q\u00ebllimi kryesor i k\u00ebtij\u00eb kursi \u00ebsht\u00eb n\u00eb ofrimin e njohurive bazike dhe t\u00eb avancuar p\u00ebr student\u00ebt q\u00eb n\u00eb t\u00eb ardhm\u00ebn t\u00eb jen\u00eb n\u00eb gjendje te hapin bizneset e tyre dhe t\u00eb punojn\u00eb si Fotograf\/e profesional, gjithashtu edhe ata student\u00eb q\u00eb kan\u00eb njohuri dhe p\u00ebrvoj\u00eb n\u00eb fotografi, t&#8217;i p\u00ebrforcojn\u00eb njohurit\u00eb dhe shkatht\u00ebsit\u00eb q\u00eb kan\u00eb p\u00ebr fotografi.[\/vc_column_text][stm_title title_tag=&#8221;h4&#8243; title=&#8221;Metodologjia p\u00ebr realizimin e temave m\u00ebsimore:&#8221;][\/stm_title][vc_column_text]Kursi \u00ebsht\u00eb kombinim i ligj\u00ebratave, diskutimeve, bisedave dhe ushtrimeve praktike.[\/vc_column_text][stm_title title_tag=&#8221;h4&#8243; title=&#8221;Kushtet p\u00ebr realizimin e temave m\u00ebsimore:&#8221;][\/stm_title][vc_column_text]Literatura adekuate, tabela, kompjuteri, projektori[\/vc_column_text][\/vc_column][vc_column width=&#8221;1\/3&#8243;][vc_single_image image=&#8221;3354&#8243; img_size=&#8221;full&#8221;][\/vc_column][\/vc_row][vc_row][vc_column][vc_tta_accordion active_section=&#8221;1&#8243;][vc_tta_section title=&#8221;Ligj\u00ebratat&#8221; tab_id=&#8221;1655673861840-0964b3e5-af9f&#8221;][vc_column_text]Studenti\/nx\u00ebn\u00ebsi duhet t\u00eb jet\u00eb i rregullt n\u00eb ligj\u00ebrata dhe ushtrime, t\u00eb shfryt\u00ebzoj t\u00eb gjitha mund\u00ebsit\u00eb p\u00ebr nx\u00ebnie t\u00eb dijes, t\u00eb p\u00ebrdor\u00eb literatur\u00ebn e obliguar dhe m\u00eb t\u00eb gjer\u00eb, t\u00eb jet\u00eb aktiv dhe t\u00eb respektoj rregullat e \u201cINFINIT\u201d.[\/vc_column_text][\/vc_tta_section][vc_tta_section title=&#8221;Ushtrimet&#8221; tab_id=&#8221;1655673861857-91175ce0-02d0&#8243;][vc_column_text]Studenti\/nx\u00ebn\u00ebsi duhet t\u00eb jet\u00eb aktiv n\u00eb ushtrime dhe t\u00eb reflektoj gatishm\u00ebri dhe dije p\u00ebr iniciativa, ide dhe demonstrim t\u00eb njohurive t\u00eb marra n\u00eb ligj\u00ebrata.[\/vc_column_text][\/vc_tta_section][vc_tta_section title=&#8221;Java 1&#8243; tab_id=&#8221;1655674532152-5e8601a1-e272&#8243;][vc_column_text]<\/p>\n<ul>\n<li>Njoftimi me student\u00ebt<\/li>\n<li>Fotografia dhe Ndriqimi<\/li>\n<li>Elementet e Fotografis\u00eb<\/li>\n<li>Krijimi i gurpit privat ne FB vet\u00ebm p\u00ebr student\u00ebt<\/li>\n<\/ul>\n<p>[\/vc_column_text][\/vc_tta_section][vc_tta_section title=&#8221;Ushtrime Java 1&#8243; tab_id=&#8221;1655674637597-8d1c634d-38c1&#8243;][vc_column_text]<\/p>\n<ul>\n<li>Photoshop 1<\/li>\n<li>Photoshop 2<\/li>\n<\/ul>\n<p>[\/vc_column_text][\/vc_tta_section][vc_tta_section title=&#8221;Java 2&#8243; tab_id=&#8221;1655674716990-6720877b-8ec5&#8243;][vc_column_text]<\/p>\n<ul>\n<li>Antaomia e Aparatit Digjital dhe Film<\/li>\n<li>Shtyllat kryesore t\u00eb Fotografis\u00eb<\/li>\n<\/ul>\n<p>[\/vc_column_text][\/vc_tta_section][vc_tta_section title=&#8221;Ushtrime Java 2&#8243; tab_id=&#8221;1655674766692-9c89b63a-f0c6&#8243;][vc_column_text]<\/p>\n<ul>\n<li>Photoshop<\/li>\n<li>Workshop<\/li>\n<\/ul>\n<p>[\/vc_column_text][\/vc_tta_section][vc_tta_section title=&#8221;Java 3&#8243; tab_id=&#8221;1655675678770-0693f36f-b2a6&#8243;][vc_column_text]<\/p>\n<ul>\n<li>Shtyllat kryesore t\u00eb Fotografis\u00eb: Shutter Speed, Aperture, Iso<\/li>\n<li>Ushtrime n\u00eb klas\u00eb<br \/>\n.<\/li>\n<\/ul>\n<p>[\/vc_column_text][\/vc_tta_section][vc_tta_section title=&#8221;Ushtrime Java 4&#8243; tab_id=&#8221;1655675679812-35d29c43-021c&#8221;][vc_column_text]<\/p>\n<ul>\n<li>Marketing<\/li>\n<li>Ushtrime n\u00eb klas\u00eb<\/li>\n<li>K\u00ebshilla rreth hapjes se Biznesit<\/li>\n<li>Diskutime<\/li>\n<li>Pyetje dhe P\u00ebrgjigjje<\/li>\n<li>P\u00ebrs\u00ebritje<\/li>\n<\/ul>\n<p>[\/vc_column_text][\/vc_tta_section][vc_tta_section title=&#8221;Java 5&#8243; tab_id=&#8221;1655675753686-be284041-4fcf&#8221;][vc_column_text]<\/p>\n<ul>\n<li>Workshop n\u00eb Studio 1<\/li>\n<li>Workshop n\u00eb Studio 2<\/li>\n<\/ul>\n<p>[\/vc_column_text][\/vc_tta_section][vc_tta_section title=&#8221;Java 6&#8243; tab_id=&#8221;1655675772935-4d886a20-17f3&#8243;][vc_column_text]<\/p>\n<ul>\n<li>Kompozicionet 1<\/li>\n<li>Kompozicionet 2<\/li>\n<\/ul>\n<p>[\/vc_column_text][\/vc_tta_section][vc_tta_section title=&#8221;Java 7&#8243; tab_id=&#8221;1655675808253-b2ba4ce8-f95e&#8221;][vc_column_text]<\/p>\n<ul>\n<li>Workshop n\u00eb ambient t\u00eb hapur 1<\/li>\n<li>Workshop n\u00eb ambient t\u00eb hapur 2<\/li>\n<\/ul>\n<p>[\/vc_column_text][\/vc_tta_section][\/vc_tta_accordion][\/vc_column][\/vc_row]<\/p>\n<\/section>","protected":false},"excerpt":{"rendered":"<p>[vc_row css=&#8221;.vc_custom_1473328990059{margin-bottom: 50px !important;}&#8221;][vc_column width=&#8221;2\/3&#8243;][stm_title title_tag=&#8221;h2&#8243; title=&#8221;Q\u00ebllimi i trajnimit &amp; P\u00ebrfitimet e nx\u00ebn\u00ebsit&#8221;][\/stm_title][vc_column_text css=&#8221;.vc_custom_1662989780037{margin-bottom: 30px !important;}&#8221;]Q\u00ebllimi kryesor i k\u00ebtij\u00eb kursi \u00ebsht\u00eb n\u00eb ofrimin e njohurive bazike dhe t\u00eb avancuar p\u00ebr student\u00ebt q\u00eb n\u00eb t\u00eb ardhm\u00ebn t\u00eb jen\u00eb n\u00eb gjendje te hapin bizneset e tyre dhe t\u00eb punojn\u00eb si Fotograf\/e profesional, gjithashtu edhe ata student\u00eb q\u00eb [&hellip;]<\/p>\n","protected":false},"author":1,"featured_media":0,"parent":0,"menu_order":0,"comment_status":"closed","ping_status":"closed","template":"","meta":{"footnotes":""},"class_list":["post-3353","page","type-page","status-publish","hentry"],"_links":{"self":[{"href":"https:\/\/infinitcenter.com\/en\/wp-json\/wp\/v2\/pages\/3353","targetHints":{"allow":["GET"]}}],"collection":[{"href":"https:\/\/infinitcenter.com\/en\/wp-json\/wp\/v2\/pages"}],"about":[{"href":"https:\/\/infinitcenter.com\/en\/wp-json\/wp\/v2\/types\/page"}],"author":[{"embeddable":true,"href":"https:\/\/infinitcenter.com\/en\/wp-json\/wp\/v2\/users\/1"}],"replies":[{"embeddable":true,"href":"https:\/\/infinitcenter.com\/en\/wp-json\/wp\/v2\/comments?post=3353"}],"version-history":[{"count":3,"href":"https:\/\/infinitcenter.com\/en\/wp-json\/wp\/v2\/pages\/3353\/revisions"}],"predecessor-version":[{"id":3526,"href":"https:\/\/infinitcenter.com\/en\/wp-json\/wp\/v2\/pages\/3353\/revisions\/3526"}],"wp:attachment":[{"href":"https:\/\/infinitcenter.com\/en\/wp-json\/wp\/v2\/media?parent=3353"}],"curies":[{"name":"wp","href":"https:\/\/api.w.org\/{rel}","templated":true}]}}