{"id":3365,"date":"2022-07-05T20:06:20","date_gmt":"2022-07-05T20:06:20","guid":{"rendered":"https:\/\/infinitcenter.com\/en\/?page_id=3365"},"modified":"2022-07-05T20:06:20","modified_gmt":"2022-07-05T20:06:20","slug":"autocad-2d","status":"publish","type":"page","link":"https:\/\/infinitcenter.com\/en\/autocad-2d\/","title":{"rendered":"AutoCAD 2D"},"content":{"rendered":"<section class=\"wpb-content-wrapper\"><p>[vc_row css=&#8221;.vc_custom_1473328990059{margin-bottom: 50px !important;}&#8221;][vc_column width=&#8221;2\/3&#8243;][stm_title title_tag=&#8221;h2&#8243; title=&#8221;Q\u00ebllimi i trajnimit &amp; P\u00ebrfitimet e nx\u00ebn\u00ebsit&#8221;][\/stm_title][vc_column_text css=&#8221;.vc_custom_1657051077557{margin-bottom: 30px !important;}&#8221;]Q\u00ebllimi kryesor i k\u00ebtij kursi \u00ebsht\u00eb n\u00eb ofrimin e njohurive bazike p\u00ebr student\u00ebt p\u00ebr pun\u00ebn me AutoCAD. AutoCAD \u00ebsht\u00eb nj\u00eb p\u00ebrmbledhje programesh dhe veglash t\u00eb cilat sh\u00ebrbejn\u00eb p\u00ebr te dizajnuar, vizatuar, konstruktuar, programuar dhe fabrikuar detale te ndryshme, ne ve\u00e7anti dizajne arkitektonike e atyre inxhnierike. AutoCAD p\u00ebrb\u00ebhet nga shume vegla te cilat p\u00ebrdor\u00ebn var\u00ebsisht nga profesioni.<\/p>\n<p><strong>Pas p\u00ebrfundimit t\u00eb k\u00ebtij\u00eb kursi,nx\u00ebn\u00ebsi\/studenti do jet\u00eb n\u00eb gjendje t\u00eb:<\/strong><\/p>\n<ul>\n<li>Kuptoj\u00eb n\u00eb p\u00ebrgjith\u00ebsi sistemin e funksionimit t\u00eb AutoCAD 2D.<\/li>\n<li>T\u00eb njoh pun\u00ebn bazike me AutoCAD 2D.<\/li>\n<li>T\u00eb mund t\u00eb vizatoj, konstruktoj dhe dimensionoj figura dhe vizatime t\u00eb ndryshme 2 dimensionale.<\/li>\n<\/ul>\n<p>[\/vc_column_text][stm_title title_tag=&#8221;h4&#8243; title=&#8221;Metodologjia p\u00ebr realizimin e temave m\u00ebsimore:&#8221;][\/stm_title][vc_column_text]Kursi \u00ebsht\u00eb kombinim i ligj\u00ebratave, diskutimeve, bisedave dhe ushtrimeve praktike.[\/vc_column_text][stm_title title_tag=&#8221;h4&#8243; title=&#8221;Kushtet p\u00ebr realizimin e temave m\u00ebsimore:&#8221;][\/stm_title][vc_column_text]Literatura adekuate, tabela, kompjuteri, projektori dhe mjetet tjera TI p\u00ebr m\u00ebsim dhe ushtrime.[\/vc_column_text][\/vc_column][vc_column width=&#8221;1\/3&#8243;][vc_single_image image=&#8221;3366&#8243; img_size=&#8221;full&#8221;][\/vc_column][\/vc_row][vc_row][vc_column][vc_tta_accordion active_section=&#8221;1&#8243;][vc_tta_section title=&#8221;Ligj\u00ebratat&#8221; tab_id=&#8221;1655673861840-0964b3e5-af9f&#8221;][vc_column_text]Studenti\/nx\u00ebn\u00ebsi duhet t\u00eb jet\u00eb i rregullt n\u00eb ligj\u00ebrata dhe ushtrime, t\u00eb shfryt\u00ebzoj t\u00eb gjitha mund\u00ebsit\u00eb p\u00ebr nx\u00ebnie t\u00eb dijes, t\u00eb p\u00ebrdor\u00eb literatur\u00ebn e obliguar dhe m\u00eb t\u00eb gjer\u00eb, t\u00eb jet\u00eb aktiv dhe t\u00eb respektoj rregullat e \u201cINFINIT\u201d.[\/vc_column_text][\/vc_tta_section][vc_tta_section title=&#8221;Ushtrimet&#8221; tab_id=&#8221;1655673861857-91175ce0-02d0&#8243;][vc_column_text]Studenti\/nx\u00ebn\u00ebsi duhet t\u00eb jet\u00eb aktiv n\u00eb ushtrime dhe t\u00eb reflektoj gatishm\u00ebri dhe dije p\u00ebr iniciativa, ide dhe demonstrim t\u00eb njohurive t\u00eb marra n\u00eb ligj\u00ebrata.[\/vc_column_text][\/vc_tta_section][vc_tta_section title=&#8221;Hyrje n\u00eb AutoCAD&#8221; tab_id=&#8221;1655674532152-5e8601a1-e272&#8243;][\/vc_tta_section][vc_tta_section title=&#8221;Vizatimet bazike me AutoCAD&#8221; tab_id=&#8221;1655674637597-8d1c634d-38c1&#8243;][\/vc_tta_section][vc_tta_section title=&#8221;Puna me elementet bazike t\u00eb AutoCAD&#8221; tab_id=&#8221;1655674716990-6720877b-8ec5&#8243;][\/vc_tta_section][vc_tta_section title=&#8221;Vizatimi i objekteve&#8221; tab_id=&#8221;1655674766692-9c89b63a-f0c6&#8243;][\/vc_tta_section][vc_tta_section title=&#8221;Editimi i objekteve t\u00eb vizatuara&#8221; tab_id=&#8221;1655675678770-0693f36f-b2a6&#8243;][\/vc_tta_section][vc_tta_section title=&#8221;Aplikimi i Layers n\u00eb vizatime&#8221; tab_id=&#8221;1655675679812-35d29c43-021c&#8221;][\/vc_tta_section][vc_tta_section title=&#8221;Krijimi i teksteve dhe tabelave&#8221; tab_id=&#8221;1655675753686-be284041-4fcf&#8221;][\/vc_tta_section][vc_tta_section title=&#8221;Dimensionimi dhe detalizimi i vizatimeve&#8221; tab_id=&#8221;1655675772935-4d886a20-17f3&#8243;][\/vc_tta_section][vc_tta_section title=&#8221;Dizajnet i dimensionimit dhe editimi i tyre&#8221; tab_id=&#8221;1655675808253-b2ba4ce8-f95e&#8221;][\/vc_tta_section][vc_tta_section title=&#8221;Insertimi i blloqeve dhe grupimeve n\u00eb AutoCAD &#8221; tab_id=&#8221;1655675876059-f8c2f08b-1728&#8243;][\/vc_tta_section][vc_tta_section title=&#8221;Importimi, eksportimi dhe ruajtja e formateve t\u00eb ndryshme t\u00eb AutoCAD&#8221; tab_id=&#8221;1655675910898-1d5592fc-4b5a&#8221;][\/vc_tta_section][vc_tta_section title=&#8221;Printimi i vizatimeve&#8221; tab_id=&#8221;1657051343914-2bbb29a7-85bf&#8221;][\/vc_tta_section][\/vc_tta_accordion][\/vc_column][\/vc_row]<\/p>\n<\/section>","protected":false},"excerpt":{"rendered":"<p>[vc_row css=&#8221;.vc_custom_1473328990059{margin-bottom: 50px !important;}&#8221;][vc_column width=&#8221;2\/3&#8243;][stm_title title_tag=&#8221;h2&#8243; title=&#8221;Q\u00ebllimi i trajnimit &amp; P\u00ebrfitimet e nx\u00ebn\u00ebsit&#8221;][\/stm_title][vc_column_text css=&#8221;.vc_custom_1657051077557{margin-bottom: 30px !important;}&#8221;]Q\u00ebllimi kryesor i k\u00ebtij kursi \u00ebsht\u00eb n\u00eb ofrimin e njohurive bazike p\u00ebr student\u00ebt p\u00ebr pun\u00ebn me AutoCAD. AutoCAD \u00ebsht\u00eb nj\u00eb p\u00ebrmbledhje programesh dhe veglash t\u00eb cilat sh\u00ebrbejn\u00eb p\u00ebr te dizajnuar, vizatuar, konstruktuar, programuar dhe fabrikuar detale te ndryshme, ne ve\u00e7anti [&hellip;]<\/p>\n","protected":false},"author":1,"featured_media":0,"parent":0,"menu_order":0,"comment_status":"closed","ping_status":"closed","template":"","meta":{"footnotes":""},"class_list":["post-3365","page","type-page","status-publish","hentry"],"_links":{"self":[{"href":"https:\/\/infinitcenter.com\/en\/wp-json\/wp\/v2\/pages\/3365","targetHints":{"allow":["GET"]}}],"collection":[{"href":"https:\/\/infinitcenter.com\/en\/wp-json\/wp\/v2\/pages"}],"about":[{"href":"https:\/\/infinitcenter.com\/en\/wp-json\/wp\/v2\/types\/page"}],"author":[{"embeddable":true,"href":"https:\/\/infinitcenter.com\/en\/wp-json\/wp\/v2\/users\/1"}],"replies":[{"embeddable":true,"href":"https:\/\/infinitcenter.com\/en\/wp-json\/wp\/v2\/comments?post=3365"}],"version-history":[{"count":1,"href":"https:\/\/infinitcenter.com\/en\/wp-json\/wp\/v2\/pages\/3365\/revisions"}],"predecessor-version":[{"id":3367,"href":"https:\/\/infinitcenter.com\/en\/wp-json\/wp\/v2\/pages\/3365\/revisions\/3367"}],"wp:attachment":[{"href":"https:\/\/infinitcenter.com\/en\/wp-json\/wp\/v2\/media?parent=3365"}],"curies":[{"name":"wp","href":"https:\/\/api.w.org\/{rel}","templated":true}]}}