{"id":3379,"date":"2022-07-05T21:01:00","date_gmt":"2022-07-05T21:01:00","guid":{"rendered":"https:\/\/infinitcenter.com\/en\/?page_id=3379"},"modified":"2022-09-12T14:15:07","modified_gmt":"2022-09-12T14:15:07","slug":"gjuhe-angleze-traveller-a1","status":"publish","type":"page","link":"https:\/\/infinitcenter.com\/en\/gjuhe-angleze-traveller-a1\/","title":{"rendered":"Gjuh\u00eb Angleze &#8211; Beginners A1"},"content":{"rendered":"<section class=\"wpb-content-wrapper\"><p>[vc_row css=&#8221;.vc_custom_1473328990059{margin-bottom: 50px !important;}&#8221;][vc_column width=&#8221;2\/3&#8243;][stm_title title_tag=&#8221;h2&#8243; title=&#8221;Q\u00ebllimi i trajnimit &amp; P\u00ebrfitimet e nx\u00ebn\u00ebsit&#8221;][\/stm_title][vc_column_text css=&#8221;.vc_custom_1658764125871{margin-bottom: 30px !important;}&#8221;]Q\u00ebllimi kryesor i k\u00ebtij programi \u00ebsht\u00eb zhvillimi i shkatht\u00ebsive ( shkrimi, komunikimi, leximi dhe nd\u00ebgjimi ) n\u00eb Gjuh\u00ebn Angleze. Duke marr\u00eb parasysh q\u00eb Gjuha Angleze \u00e7do dit\u00eb e m\u00eb shum\u00eb po k\u00ebrkohet nga secili vend pune dhe gjithashtu tanim\u00eb \u00ebsht\u00eb pjes\u00eb e p\u00ebrditshm\u00ebris\u00eb ton\u00eb, ne kemi krijuar nj\u00eb program i cili do t\u00eb iu sh\u00ebrbej t\u00eb rinj\u00ebve t\u00eb m\u00ebsojn\u00eb gjuh\u00ebn m\u00eb leht\u00eb.<\/p>\n<p><strong>Pas p\u00ebrfundimit t\u00eb k\u00ebtij\u00eb kursi,nx\u00ebn\u00ebsi\/studenti do jet\u00eb n\u00eb gjendje t\u00eb:<\/strong><\/p>\n<ul>\n<li>T\u00eb p\u00ebrshendes dhe t\u00eb flas p\u00ebr veten e tij\/saj<\/li>\n<li>T\u00eb p\u00ebrshkruaj objektet, njer\u00ebzit dhe an\u00ebtaret e familjes<\/li>\n<li>T\u00eb tregoj or\u00ebn, koh\u00ebn dhe preferencat e tij\/saj<\/li>\n<li>T\u00eb pyes p\u00ebr ndihm\u00eb, drejtim dhe t\u00eb lexoj harten<\/li>\n<li>T\u00eb porosis dhe pr\u00ebshkruaj ushqimin<\/li>\n<li>T\u00eb flas rreth shkatht\u00ebsive dhe talentit<\/li>\n<li>T\u00eb dalloj koh\u00ebn e shkuar, tashme dhe t\u00eb ardhme<\/li>\n<\/ul>\n<p>[\/vc_column_text][stm_title title_tag=&#8221;h4&#8243; title=&#8221;Metodologjia p\u00ebr realizimin e temave m\u00ebsimore:&#8221;][\/stm_title][vc_column_text]Programi \u00ebsht\u00eb kombinim i ligj\u00ebratave, diskutimeve, bisedave dhe ushtrimeve praktike.[\/vc_column_text][stm_title title_tag=&#8221;h4&#8243; title=&#8221;Kushtet p\u00ebr realizimin e temave m\u00ebsimore:&#8221;][\/stm_title][vc_column_text]Literatura adekuate, smartboard, tabela, laptop.[\/vc_column_text][\/vc_column][vc_column width=&#8221;1\/3&#8243;][vc_single_image image=&#8221;3380&#8243; img_size=&#8221;full&#8221;][\/vc_column][\/vc_row][vc_row][vc_column][vc_tta_accordion active_section=&#8221;1&#8243;][vc_tta_section title=&#8221;Lectures&#8221; tab_id=&#8221;1655673861840-0964b3e5-af9f&#8221;][vc_column_text]Studenti\/nx\u00ebn\u00ebsi duhet t\u00eb jet\u00eb i rregullt n\u00eb ligj\u00ebrata dhe ushtrime, t\u00eb shfryt\u00ebzoj t\u00eb gjitha mund\u00ebsit\u00eb p\u00ebr nx\u00ebnie t\u00eb dijes, t\u00eb p\u00ebrdor\u00eb literatur\u00ebn e obliguar dhe m\u00eb t\u00eb gjer\u00eb, t\u00eb jet\u00eb aktiv dhe t\u00eb respektoj rregullat e \u201cINFINIT\u201d.[\/vc_column_text][\/vc_tta_section][vc_tta_section title=&#8221;Exercises&#8221; tab_id=&#8221;1655673861857-91175ce0-02d0&#8243;][vc_column_text]Studenti\/nx\u00ebn\u00ebsi duhet t\u00eb jet\u00eb aktiv n\u00eb ushtrime dhe t\u00eb reflektoj gatishm\u00ebri dhe dije p\u00ebr iniciativa, ide dhe demonstrim t\u00eb njohurive t\u00eb marra n\u00eb ligj\u00ebrata.[\/vc_column_text][\/vc_tta_section][vc_tta_section title=&#8221;Hello Nice to meet you&#8221; tab_id=&#8221;1655674532152-5e8601a1-e272&#8243;][vc_column_text]<\/p>\n<ul>\n<li>Greetings<\/li>\n<li>Countries and nationalities<\/li>\n<li>Relationships<\/li>\n<\/ul>\n<p>[\/vc_column_text][\/vc_tta_section][vc_tta_section title=&#8221;All about me&#8221; tab_id=&#8221;1657054091975-835861ea-94ba&#8221;][vc_column_text]<\/p>\n<ul>\n<li>Travelling<\/li>\n<li>Personal items<\/li>\n<li>Physical appearance<\/li>\n<\/ul>\n<p>[\/vc_column_text][\/vc_tta_section][vc_tta_section title=&#8221;Everyday life&#8221; tab_id=&#8221;1657054084112-8b309d0e-34cb&#8221;][vc_column_text]<\/p>\n<ul>\n<li>Telling the time<\/li>\n<li>Days of the week<\/li>\n<li>Daily routines<\/li>\n<li>Household chores<\/li>\n<\/ul>\n<p>[\/vc_column_text][\/vc_tta_section][vc_tta_section title=&#8221;Places&#8221; tab_id=&#8221;1657054112100-6d9c0ffd-2d6c&#8221;][vc_column_text]<\/p>\n<ul>\n<li>Furnitures and appliances<\/li>\n<li>Places in town\/city<\/li>\n<li>Locations and directions<\/li>\n<li>Adjectives describing homes<\/li>\n<\/ul>\n<p>[\/vc_column_text][\/vc_tta_section][vc_tta_section title=&#8221;Food&#8221; tab_id=&#8221;1657054436896-06ad303f-6065&#8243;][vc_column_text]<\/p>\n<ul>\n<li>Food and drinks<\/li>\n<li>Containers<\/li>\n<li>Prices<\/li>\n<li>Money<\/li>\n<\/ul>\n<p>[\/vc_column_text][\/vc_tta_section][vc_tta_section title=&#8221;Get busy&#8221; tab_id=&#8221;1657054472197-7c6cfb36-7cc2&#8243;][vc_column_text]<\/p>\n<ul>\n<li>Jobs<\/li>\n<li>Skills and abilities<\/li>\n<li>Weather<\/li>\n<li>Computer parts<\/li>\n<li>Everyday activities<\/li>\n<\/ul>\n<p>[\/vc_column_text][\/vc_tta_section][vc_tta_section title=&#8221;Looking back&#8221; tab_id=&#8221;1657054525696-35d9f00d-e416&#8243;][vc_column_text]<\/p>\n<ul>\n<li>Body parts<\/li>\n<li>Accidents and injuries<\/li>\n<li>Academic subjects<\/li>\n<li>Life events<\/li>\n<li>Opinion adjectives<\/li>\n<\/ul>\n<p>[\/vc_column_text][\/vc_tta_section][vc_tta_section title=&#8221;On holiday&#8221; tab_id=&#8221;1657054541815-fc14abec-7390&#8243;][vc_column_text]<\/p>\n<ul>\n<li>Seasons<\/li>\n<li>Months and dates<\/li>\n<li>Geographical features<\/li>\n<li>Ailments<\/li>\n<li>Sightseeing<\/li>\n<\/ul>\n<p>[\/vc_column_text][\/vc_tta_section][\/vc_tta_accordion][\/vc_column][\/vc_row]<\/p>\n<\/section>","protected":false},"excerpt":{"rendered":"<p>[vc_row css=&#8221;.vc_custom_1473328990059{margin-bottom: 50px !important;}&#8221;][vc_column width=&#8221;2\/3&#8243;][stm_title title_tag=&#8221;h2&#8243; title=&#8221;Q\u00ebllimi i trajnimit &amp; P\u00ebrfitimet e nx\u00ebn\u00ebsit&#8221;][\/stm_title][vc_column_text css=&#8221;.vc_custom_1658764125871{margin-bottom: 30px !important;}&#8221;]Q\u00ebllimi kryesor i k\u00ebtij programi \u00ebsht\u00eb zhvillimi i shkatht\u00ebsive ( shkrimi, komunikimi, leximi dhe nd\u00ebgjimi ) n\u00eb Gjuh\u00ebn Angleze. Duke marr\u00eb parasysh q\u00eb Gjuha Angleze \u00e7do dit\u00eb e m\u00eb shum\u00eb po k\u00ebrkohet nga secili vend pune dhe gjithashtu tanim\u00eb \u00ebsht\u00eb [&hellip;]<\/p>\n","protected":false},"author":1,"featured_media":0,"parent":0,"menu_order":0,"comment_status":"closed","ping_status":"closed","template":"","meta":{"footnotes":""},"class_list":["post-3379","page","type-page","status-publish","hentry"],"_links":{"self":[{"href":"https:\/\/infinitcenter.com\/en\/wp-json\/wp\/v2\/pages\/3379","targetHints":{"allow":["GET"]}}],"collection":[{"href":"https:\/\/infinitcenter.com\/en\/wp-json\/wp\/v2\/pages"}],"about":[{"href":"https:\/\/infinitcenter.com\/en\/wp-json\/wp\/v2\/types\/page"}],"author":[{"embeddable":true,"href":"https:\/\/infinitcenter.com\/en\/wp-json\/wp\/v2\/users\/1"}],"replies":[{"embeddable":true,"href":"https:\/\/infinitcenter.com\/en\/wp-json\/wp\/v2\/comments?post=3379"}],"version-history":[{"count":7,"href":"https:\/\/infinitcenter.com\/en\/wp-json\/wp\/v2\/pages\/3379\/revisions"}],"predecessor-version":[{"id":3530,"href":"https:\/\/infinitcenter.com\/en\/wp-json\/wp\/v2\/pages\/3379\/revisions\/3530"}],"wp:attachment":[{"href":"https:\/\/infinitcenter.com\/en\/wp-json\/wp\/v2\/media?parent=3379"}],"curies":[{"name":"wp","href":"https:\/\/api.w.org\/{rel}","templated":true}]}}