{"id":3389,"date":"2022-07-05T21:40:24","date_gmt":"2022-07-05T21:40:24","guid":{"rendered":"https:\/\/infinitcenter.com\/en\/?page_id=3389"},"modified":"2022-09-12T14:25:01","modified_gmt":"2022-09-12T14:25:01","slug":"3389-2","status":"publish","type":"page","link":"https:\/\/infinitcenter.com\/en\/3389-2\/","title":{"rendered":"Gjuh\u00eb Angleze \u2013 Intermediate B1"},"content":{"rendered":"<section class=\"wpb-content-wrapper\"><p>[vc_row css=&#8221;.vc_custom_1473328990059{margin-bottom: 50px !important;}&#8221;][vc_column width=&#8221;2\/3&#8243;][stm_title title_tag=&#8221;h2&#8243; title=&#8221;Q\u00ebllimi i trajnimit &amp; P\u00ebrfitimet e nx\u00ebn\u00ebsit&#8221;][\/stm_title][vc_column_text css=&#8221;.vc_custom_1658766325415{margin-bottom: 30px !important;}&#8221;]Q\u00ebllimi kryesor i k\u00ebtij programi \u00ebsht\u00eb zhvillimi i shkatht\u00ebsive ( shkrimi, komunikimi, leximi dhe nd\u00ebgjimi ) n\u00eb Gjuh\u00ebn Angleze. Duke marr\u00eb parasysh q\u00eb Gjuha Angleze \u00e7do dit\u00eb e m\u00eb shum\u00eb po k\u00ebrkohet nga secili vend pune dhe gjithashtu tanim\u00eb \u00ebsht\u00eb pjes\u00eb e p\u00ebrditshm\u00ebris\u00eb ton\u00eb, ne kemi krijuar nj\u00eb program i cili do t\u00eb iu sh\u00ebrbej t\u00eb rinj\u00ebve t\u00eb m\u00ebsojn\u00eb gjuh\u00ebn m\u00eb leht\u00eb.<\/p>\n<p><strong>Pas p\u00ebrfundimit t\u00eb k\u00ebtij\u00eb kursi,nx\u00ebn\u00ebsi\/studenti do jet\u00eb n\u00eb gjendje t\u00eb:<\/strong><\/p>\n<ul>\n<li>T\u00eb shkruaj email formal dhe jo-formal<\/li>\n<li>T\u00eb dij\u00eb t\u00eb identifikoj letrat<\/li>\n<li>T\u00eb shkruaj artikuj t\u00eb ndrysh\u00ebm<\/li>\n<li>T\u00eb p\u00ebrshkruaj nj\u00eb vend<\/li>\n<li>T\u00eb shpreh mendimin e tij kritik<\/li>\n<li>T\u00eb pershkruaj nj\u00eb lib\u00ebr<\/li>\n<li>Te perdor idiomat<\/li>\n<\/ul>\n<p>[\/vc_column_text][stm_title title_tag=&#8221;h4&#8243; title=&#8221;Metodologjia p\u00ebr realizimin e temave m\u00ebsimore:&#8221;][\/stm_title][vc_column_text]Programi \u00ebsht\u00eb kombinim i ligj\u00ebratave, diskutimeve, bisedave dhe ushtrimeve praktike.[\/vc_column_text][stm_title title_tag=&#8221;h4&#8243; title=&#8221;Kushtet p\u00ebr realizimin e temave m\u00ebsimore:&#8221;][\/stm_title][vc_column_text]Literatura adekuate, smartboard, tabela, laptop.[\/vc_column_text][\/vc_column][vc_column width=&#8221;1\/3&#8243;][vc_single_image image=&#8221;3380&#8243; img_size=&#8221;full&#8221;][\/vc_column][\/vc_row][vc_row][vc_column][vc_tta_accordion active_section=&#8221;1&#8243;][vc_tta_section title=&#8221;Ligj\u00ebratat&#8221; tab_id=&#8221;1655673861840-0964b3e5-af9f&#8221;][vc_column_text]Studenti\/nx\u00ebn\u00ebsi duhet t\u00eb jet\u00eb i rregullt n\u00eb ligj\u00ebrata dhe ushtrime, t\u00eb shfryt\u00ebzoj t\u00eb gjitha mund\u00ebsit\u00eb p\u00ebr nx\u00ebnie t\u00eb dijes, t\u00eb p\u00ebrdor\u00eb literatur\u00ebn e obliguar dhe m\u00eb t\u00eb gjer\u00eb, t\u00eb jet\u00eb aktiv dhe t\u00eb respektoj rregullat e \u201cINFINIT\u201d.[\/vc_column_text][\/vc_tta_section][vc_tta_section title=&#8221;Ushtrimet&#8221; tab_id=&#8221;1655673861857-91175ce0-02d0&#8243;][vc_column_text]Studenti\/nx\u00ebn\u00ebsi duhet t\u00eb jet\u00eb aktiv n\u00eb ushtrime dhe t\u00eb reflektoj gatishm\u00ebri dhe dije p\u00ebr iniciativa, ide dhe demonstrim t\u00eb njohurive t\u00eb marra n\u00eb ligj\u00ebrata.[\/vc_column_text][\/vc_tta_section][vc_tta_section title=&#8221;Window on the world&#8221; tab_id=&#8221;1655674532152-5e8601a1-e272&#8243;][vc_column_text]<\/p>\n<ul>\n<li>Developing a paragraph<\/li>\n<li>An email based on prompts<\/li>\n<\/ul>\n<p>[\/vc_column_text][\/vc_tta_section][vc_tta_section title=&#8221;Heroes&#8221; tab_id=&#8221;1657054091975-835861ea-94ba&#8221;][vc_column_text]<\/p>\n<ul>\n<li>A description of a person<\/li>\n<li>An informal letter including a narrative<\/li>\n<\/ul>\n<p>[\/vc_column_text][\/vc_tta_section][vc_tta_section title=&#8221;Work and leisure&#8221; tab_id=&#8221;1657054084112-8b309d0e-34cb&#8221;][vc_column_text]<\/p>\n<ul>\n<li>A letter of application<\/li>\n<li>An informal letter giving news<\/li>\n<\/ul>\n<p>[\/vc_column_text][\/vc_tta_section][vc_tta_section title=&#8221;Planet Earth&#8221; tab_id=&#8221;1657054112100-6d9c0ffd-2d6c&#8221;][vc_column_text]<\/p>\n<ul>\n<li>An email based on prompts<\/li>\n<li>Articles<\/li>\n<\/ul>\n<p>[\/vc_column_text][\/vc_tta_section][vc_tta_section title=&#8221;That\u2019s strange&#8221; tab_id=&#8221;1657054436896-06ad303f-6065&#8243;][vc_column_text]<\/p>\n<ul>\n<li>A description of a place<\/li>\n<li>A story<\/li>\n<\/ul>\n<p>[\/vc_column_text][\/vc_tta_section][vc_tta_section title=&#8221;On the move&#8221; tab_id=&#8221;1657054472197-7c6cfb36-7cc2&#8243;][vc_column_text]<\/p>\n<ul>\n<li>A paragraph expressing opinion<\/li>\n<li>An essay expressing opinion<\/li>\n<\/ul>\n<p>[\/vc_column_text][\/vc_tta_section][vc_tta_section title=&#8221;Up to date&#8221; tab_id=&#8221;1657054525696-35d9f00d-e416&#8243;][vc_column_text]<\/p>\n<ul>\n<li>A letter ( to the editor ) expressing opinion<\/li>\n<li>A semi-formal letter\/email based on prompts<\/li>\n<\/ul>\n<p>[\/vc_column_text][\/vc_tta_section][vc_tta_section title=&#8221;Human nature&#8221; tab_id=&#8221;1657054541815-fc14abec-7390&#8243;][vc_column_text]<\/p>\n<ul>\n<li>A letter giving advice<\/li>\n<li>A book review<\/li>\n<\/ul>\n<p>[\/vc_column_text][\/vc_tta_section][\/vc_tta_accordion][\/vc_column][\/vc_row]<\/p>\n<\/section>","protected":false},"excerpt":{"rendered":"<p>[vc_row css=&#8221;.vc_custom_1473328990059{margin-bottom: 50px !important;}&#8221;][vc_column width=&#8221;2\/3&#8243;][stm_title title_tag=&#8221;h2&#8243; title=&#8221;Q\u00ebllimi i trajnimit &amp; P\u00ebrfitimet e nx\u00ebn\u00ebsit&#8221;][\/stm_title][vc_column_text css=&#8221;.vc_custom_1658766325415{margin-bottom: 30px !important;}&#8221;]Q\u00ebllimi kryesor i k\u00ebtij programi \u00ebsht\u00eb zhvillimi i shkatht\u00ebsive ( shkrimi, komunikimi, leximi dhe nd\u00ebgjimi ) n\u00eb Gjuh\u00ebn Angleze. Duke marr\u00eb parasysh q\u00eb Gjuha Angleze \u00e7do dit\u00eb e m\u00eb shum\u00eb po k\u00ebrkohet nga secili vend pune dhe gjithashtu tanim\u00eb \u00ebsht\u00eb [&hellip;]<\/p>\n","protected":false},"author":1,"featured_media":0,"parent":0,"menu_order":0,"comment_status":"closed","ping_status":"closed","template":"","meta":{"footnotes":""},"class_list":["post-3389","page","type-page","status-publish","hentry"],"_links":{"self":[{"href":"https:\/\/infinitcenter.com\/en\/wp-json\/wp\/v2\/pages\/3389","targetHints":{"allow":["GET"]}}],"collection":[{"href":"https:\/\/infinitcenter.com\/en\/wp-json\/wp\/v2\/pages"}],"about":[{"href":"https:\/\/infinitcenter.com\/en\/wp-json\/wp\/v2\/types\/page"}],"author":[{"embeddable":true,"href":"https:\/\/infinitcenter.com\/en\/wp-json\/wp\/v2\/users\/1"}],"replies":[{"embeddable":true,"href":"https:\/\/infinitcenter.com\/en\/wp-json\/wp\/v2\/comments?post=3389"}],"version-history":[{"count":6,"href":"https:\/\/infinitcenter.com\/en\/wp-json\/wp\/v2\/pages\/3389\/revisions"}],"predecessor-version":[{"id":3540,"href":"https:\/\/infinitcenter.com\/en\/wp-json\/wp\/v2\/pages\/3389\/revisions\/3540"}],"wp:attachment":[{"href":"https:\/\/infinitcenter.com\/en\/wp-json\/wp\/v2\/media?parent=3389"}],"curies":[{"name":"wp","href":"https:\/\/api.w.org\/{rel}","templated":true}]}}