{"id":3394,"date":"2022-07-05T21:51:51","date_gmt":"2022-07-05T21:51:51","guid":{"rendered":"https:\/\/infinitcenter.com\/en\/?page_id=3394"},"modified":"2022-09-12T14:44:14","modified_gmt":"2022-09-12T14:44:14","slug":"gjuhe-angleze-traveller-intermediate-b2","status":"publish","type":"page","link":"https:\/\/infinitcenter.com\/en\/gjuhe-angleze-traveller-intermediate-b2\/","title":{"rendered":"Gjuh\u00eb Angleze &#8211; B2"},"content":{"rendered":"<section class=\"wpb-content-wrapper\"><p>[vc_row css=&#8221;.vc_custom_1473328990059{margin-bottom: 50px !important;}&#8221;][vc_column width=&#8221;2\/3&#8243;][stm_title title_tag=&#8221;h2&#8243; title=&#8221;Q\u00ebllimi i trajnimit &amp; P\u00ebrfitimet e nx\u00ebn\u00ebsit&#8221;][\/stm_title][vc_column_text css=&#8221;.vc_custom_1658765199763{margin-bottom: 30px !important;}&#8221;]Q\u00ebllimi kryesor i k\u00ebtij programi \u00ebsht\u00eb zhvillimi i shkatht\u00ebsive (shkrimi, komunikimi, leximi dhe nd\u00ebgjimi ) n\u00eb Gjuh\u00ebn Angleze. Duke marr\u00eb parasysh q\u00eb Gjuha Angleze \u00e7do dit\u00eb e m\u00eb shume po k\u00ebrkohet nga secili vend pune dhe gjithashtu tanime \u00ebsht\u00eb pjes\u00eb e p\u00ebrditshmerise ton\u00eb, ne kemi krijuar nj\u00eb program i cili do t\u00eb iu sh\u00ebrbej t\u00eb rinj\u00ebve t\u00eb m\u00ebsojn\u00eb gjuh\u00ebn m\u00eb leht\u00eb.<\/p>\n<p><strong>Pas p\u00ebrfundimit t\u00eb k\u00ebtij\u00eb kursi,nx\u00ebn\u00ebsi\/studenti do jet\u00eb n\u00eb gjendje t\u00eb:<\/strong><\/p>\n<ul>\n<li>T\u00eb shkruaj email-e zyrtare n\u00eb \u00e7do fush\u00eb<\/li>\n<li>T\u00eb dij\u00eb t\u00eb jap mendimin kritik<\/li>\n<li>T\u00eb shkruaj ese me fjalor t\u00eb avancuar<\/li>\n<li>T\u00eb flas p\u00ebr vende t\u00eb ndryshme me profile t\u00eb ndryshme<\/li>\n<li>T\u00eb shkruaj nj\u00eb ekstrakt<\/li>\n<li>T\u00eb krijoj broshura<\/li>\n<li>T\u00eb jap informacione t\u00eb qarta<\/li>\n<\/ul>\n<p>[\/vc_column_text][stm_title title_tag=&#8221;h4&#8243; title=&#8221;Metodologjia p\u00ebr realizimin e temave m\u00ebsimore:&#8221;][\/stm_title][vc_column_text]Programi \u00ebsht\u00eb kombinim i ligj\u00ebratave, diskutimeve, bisedave dhe ushtrimeve praktike.[\/vc_column_text][stm_title title_tag=&#8221;h4&#8243; title=&#8221;Kushtet p\u00ebr realizimin e temave m\u00ebsimore:&#8221;][\/stm_title][vc_column_text]Literatura adekuate, smartboard, tabela, laptop.[\/vc_column_text][\/vc_column][vc_column width=&#8221;1\/3&#8243;][vc_single_image image=&#8221;3380&#8243; img_size=&#8221;full&#8221;][\/vc_column][\/vc_row][vc_row][vc_column][vc_tta_accordion active_section=&#8221;1&#8243;][vc_tta_section title=&#8221;Ligj\u00ebratat&#8221; tab_id=&#8221;1655673861840-0964b3e5-af9f&#8221;][vc_column_text]Studenti\/nx\u00ebn\u00ebsi duhet t\u00eb jet\u00eb i rregullt n\u00eb ligj\u00ebrata dhe ushtrime, t\u00eb shfryt\u00ebzoj t\u00eb gjitha mund\u00ebsit\u00eb p\u00ebr nx\u00ebnie t\u00eb dijes, t\u00eb p\u00ebrdor\u00eb literatur\u00ebn e obliguar dhe m\u00eb t\u00eb gjer\u00eb, t\u00eb jet\u00eb aktiv dhe t\u00eb respektoj rregullat e \u201cINFINIT\u201d.[\/vc_column_text][\/vc_tta_section][vc_tta_section title=&#8221;Ushtrimet&#8221; tab_id=&#8221;1655673861857-91175ce0-02d0&#8243;][vc_column_text]Studenti\/nx\u00ebn\u00ebsi duhet t\u00eb jet\u00eb aktiv n\u00eb ushtrime dhe t\u00eb reflektoj gatishm\u00ebri dhe dije p\u00ebr iniciativa, ide dhe demonstrim t\u00eb njohurive t\u00eb marra n\u00eb ligj\u00ebrata.[\/vc_column_text][\/vc_tta_section][vc_tta_section title=&#8221;On holiday&#8221; tab_id=&#8221;1655674532152-5e8601a1-e272&#8243;][vc_column_text]<\/p>\n<ul>\n<li>Comparing photographs<\/li>\n<li>An email based on prompts<\/li>\n<\/ul>\n<p>[\/vc_column_text][\/vc_tta_section][vc_tta_section title=&#8221;The place to be&#8221; tab_id=&#8221;1657054091975-835861ea-94ba&#8221;][vc_column_text]<\/p>\n<ul>\n<li>Magazine article about Ireland<\/li>\n<li>Expressions with make and do<\/li>\n<\/ul>\n<p>[\/vc_column_text][\/vc_tta_section][vc_tta_section title=&#8221;Crime and punishment&#8221; tab_id=&#8221;1657054084112-8b309d0e-34cb&#8221;][vc_column_text]<\/p>\n<ul>\n<li>A letter to the editor<\/li>\n<li>Discussing crime and punishment<\/li>\n<li>Short reading texts<\/li>\n<\/ul>\n<p>[\/vc_column_text][\/vc_tta_section][vc_tta_section title=&#8221;Adventure&#8221; tab_id=&#8221;1657054112100-6d9c0ffd-2d6c&#8221;][vc_column_text]<\/p>\n<ul>\n<li>Speculating and making a decision<\/li>\n<li>Discussing adventures<\/li>\n<\/ul>\n<p>[\/vc_column_text][\/vc_tta_section][vc_tta_section title=&#8221;Lifestyle&#8221; tab_id=&#8221;1657054436896-06ad303f-6065&#8243;][vc_column_text]<\/p>\n<ul>\n<li>A semi formal email based on prompts<\/li>\n<li>Helping solve a problem concerning means of transport<\/li>\n<\/ul>\n<p>[\/vc_column_text][\/vc_tta_section][vc_tta_section title=&#8221;The environment&#8221; tab_id=&#8221;1657054472197-7c6cfb36-7cc2&#8243;][vc_column_text]<\/p>\n<ul>\n<li>Discussing environmental issues<\/li>\n<li>Essay<\/li>\n<li>A brochure about an exhibition<\/li>\n<\/ul>\n<p>[\/vc_column_text][\/vc_tta_section][vc_tta_section title=&#8221;Fame&#8221; tab_id=&#8221;1657054525696-35d9f00d-e416&#8243;][vc_column_text]<\/p>\n<ul>\n<li>An informal letter<\/li>\n<li>Discussing fame and\u00a0 celebrities<\/li>\n<li>Spending habits<\/li>\n<\/ul>\n<p>[\/vc_column_text][\/vc_tta_section][vc_tta_section title=&#8221;The arts&#8221; tab_id=&#8221;1657054541815-fc14abec-7390&#8243;][vc_column_text]<\/p>\n<ul>\n<li>Choosing between options<\/li>\n<li>Advertisements about five dance shows<\/li>\n<\/ul>\n<p>[\/vc_column_text][\/vc_tta_section][vc_tta_section title=&#8221;Celebrations&#8221; tab_id=&#8221;1657057594226-2c73c837-1d83&#8243;][vc_column_text]<\/p>\n<ul>\n<li>An informal letter describing an event<\/li>\n<li>Speculating and making decision what event to organise<\/li>\n<\/ul>\n<p>[\/vc_column_text][\/vc_tta_section][vc_tta_section title=&#8221;Communication&#8221; tab_id=&#8221;1657057609268-f4d3f175-a122&#8243;][vc_column_text]<\/p>\n<ul>\n<li>Comparing photographs<\/li>\n<li>Discussing communication<\/li>\n<li>Presentation<\/li>\n<\/ul>\n<p>[\/vc_column_text][\/vc_tta_section][vc_tta_section title=&#8221;The mind&#8221; tab_id=&#8221;1657057639049-d4134401-24b3&#8243;][vc_column_text]<\/p>\n<ul>\n<li>A formal letter of application<\/li>\n<li>Helping solve a problem<\/li>\n<li>Critical thinking<\/li>\n<\/ul>\n<p>[\/vc_column_text][\/vc_tta_section][vc_tta_section title=&#8221;The body&#8221; tab_id=&#8221;1657057628148-4f606361-47c2&#8243;][vc_column_text]<\/p>\n<ul>\n<li>Reports<\/li>\n<li>Discussing about health issues<\/li>\n<li>Reading comprehension<\/li>\n<\/ul>\n<p>[\/vc_column_text][\/vc_tta_section][\/vc_tta_accordion][\/vc_column][\/vc_row]<\/p>\n<\/section>","protected":false},"excerpt":{"rendered":"<p>[vc_row css=&#8221;.vc_custom_1473328990059{margin-bottom: 50px !important;}&#8221;][vc_column width=&#8221;2\/3&#8243;][stm_title title_tag=&#8221;h2&#8243; title=&#8221;Q\u00ebllimi i trajnimit &amp; P\u00ebrfitimet e nx\u00ebn\u00ebsit&#8221;][\/stm_title][vc_column_text css=&#8221;.vc_custom_1658765199763{margin-bottom: 30px !important;}&#8221;]Q\u00ebllimi kryesor i k\u00ebtij programi \u00ebsht\u00eb zhvillimi i shkatht\u00ebsive (shkrimi, komunikimi, leximi dhe nd\u00ebgjimi ) n\u00eb Gjuh\u00ebn Angleze. Duke marr\u00eb parasysh q\u00eb Gjuha Angleze \u00e7do dit\u00eb e m\u00eb shume po k\u00ebrkohet nga secili vend pune dhe gjithashtu tanime \u00ebsht\u00eb pjes\u00eb [&hellip;]<\/p>\n","protected":false},"author":1,"featured_media":0,"parent":0,"menu_order":0,"comment_status":"closed","ping_status":"closed","template":"","meta":{"footnotes":""},"class_list":["post-3394","page","type-page","status-publish","hentry"],"_links":{"self":[{"href":"https:\/\/infinitcenter.com\/en\/wp-json\/wp\/v2\/pages\/3394","targetHints":{"allow":["GET"]}}],"collection":[{"href":"https:\/\/infinitcenter.com\/en\/wp-json\/wp\/v2\/pages"}],"about":[{"href":"https:\/\/infinitcenter.com\/en\/wp-json\/wp\/v2\/types\/page"}],"author":[{"embeddable":true,"href":"https:\/\/infinitcenter.com\/en\/wp-json\/wp\/v2\/users\/1"}],"replies":[{"embeddable":true,"href":"https:\/\/infinitcenter.com\/en\/wp-json\/wp\/v2\/comments?post=3394"}],"version-history":[{"count":8,"href":"https:\/\/infinitcenter.com\/en\/wp-json\/wp\/v2\/pages\/3394\/revisions"}],"predecessor-version":[{"id":3543,"href":"https:\/\/infinitcenter.com\/en\/wp-json\/wp\/v2\/pages\/3394\/revisions\/3543"}],"wp:attachment":[{"href":"https:\/\/infinitcenter.com\/en\/wp-json\/wp\/v2\/media?parent=3394"}],"curies":[{"name":"wp","href":"https:\/\/api.w.org\/{rel}","templated":true}]}}