{"id":612,"date":"2016-08-19T13:13:48","date_gmt":"2016-08-19T10:13:48","guid":{"rendered":"https:\/\/smartyschool.stylemixthemes.com\/\/?page_id=612"},"modified":"2022-06-19T16:17:02","modified_gmt":"2022-06-19T16:17:02","slug":"administration","status":"publish","type":"page","link":"https:\/\/infinitcenter.com\/en\/administration\/","title":{"rendered":"Administrata"},"content":{"rendered":"<section class=\"wpb-content-wrapper\"><p>[vc_row][vc_column offset=&#8221;vc_col-lg-9 vc_col-md-9 vc_col-xs-12&#8243;][stm_title title_color=&#8221;custom&#8221; page_title_enable=&#8221;true&#8221; title_color_custom=&#8221;#000000&#8243; title_font_size=&#8221;36px&#8221; title_line_height=&#8221;54px&#8221; title_margin_b=&#8221;21px&#8221;][\/stm_title][stm_title title_tag=&#8221;div&#8221; title_color=&#8221;custom&#8221; title=&#8221;Ne gjithashtu synojm\u00eb q\u00eb p\u00ebrmes shembullit t\u00eb m\u00ebsimdh\u00ebn\u00ebsve, trajner\u00ebve, ekspert\u00ebve dhe stafit administrativ t\u00eb nd\u00ebrtojm\u00eb nj\u00eb qasje kritike dhe bazuar n\u00eb vlera morale. Qendra INFINIT suksesin e saj e bazon n\u00eb personelin e angazhuar i cili \u00ebsht\u00eb zemra e institucionit. Nga niveli i ekspert\u00ebve, profesor\u00ebve, trajner\u00ebve, e deri t\u00eb pozita m\u00eb modeste ne fokusohemi t\u00eb angazhojm\u00eb individ\u00eb t\u00eb talentuar, me kompetenc\u00eb njohuri, p\u00ebrkushtim dhe vlera t\u00eb larta morale.&#8221; title_color_custom=&#8221;#000000&#8243; title_font_size=&#8221;20px&#8221; title_line_height=&#8221;36px&#8221; title_margin_b=&#8221;27px&#8221;][\/stm_title][vc_column_text css=&#8221;.vc_custom_1655655402490{margin-bottom: 50px !important;}&#8221;]<\/p>\n<ul>\n<li><span style=\"font-size: 14pt;\">Staf, trajner\/ekspert t\u00eb kualifikuar dhe me p\u00ebrvoj\u00eb n\u00eb fushat specifike<\/span><\/li>\n<li><span style=\"font-size: 14pt;\">Respektim dhe promovim i vlerave<\/span><\/li>\n<li><span style=\"font-size: 14pt;\">Ndjeshm\u00ebri sociale dhe respekt p\u00ebr diversitet kulturor<\/span><\/li>\n<li><span style=\"font-size: 14pt;\">P\u00ebrkrahje p\u00ebrmes leht\u00ebsimeve financiare p\u00ebr individ me shkatht\u00ebsi t\u00eb dalluara<strong>.<\/strong><\/span><\/li>\n<li><span style=\"font-size: 14pt;\">P\u00ebrkrahje p\u00ebrmes granteve n\u00eb projekte t\u00eb caktuara<\/span><\/li>\n<li><span style=\"font-size: 14pt;\">P\u00ebrkrahje p\u00ebr individ dhe grupe me vesht\u00ebrsi ekonomike<\/span><\/li>\n<li><span style=\"font-size: 14pt;\">Infrastruktur\u00eb moderne, me salla dhe kushte t\u00eb p\u00ebrshtatshme p\u00ebr mbajtjen e kurseve dhe trajnimeve<\/span><\/li>\n<li><span style=\"font-size: 14pt;\">Pajisje teknologjike t\u00eb avancuara<\/span><\/li>\n<li><span style=\"font-size: 14pt;\">Sh\u00ebrbime unike dhe gam\u00eb e gjer\u00eb e kurseve dhe trajnimeve<\/span><\/li>\n<li><span style=\"font-size: 14pt;\">Lokacion i p\u00ebrshtatsh\u00ebm<\/span><\/li>\n<li><span style=\"font-size: 14pt;\">\u00c7mime konkurruese dhe oferta promocionale<\/span><\/li>\n<\/ul>\n<p>[\/vc_column_text][\/vc_column][vc_column width=&#8221;1\/4&#8243; offset=&#8221;vc_hidden-sm vc_hidden-xs&#8221; css=&#8221;.vc_custom_1473419330980{margin-top: 19px !important;}&#8221;][stm_wp_custommenu nav_menu=&#8221;29&#8243;][\/vc_column][\/vc_row][vc_row full_width=&#8221;stretch_row&#8221; css=&#8221;.vc_custom_1569212502371{background-color: #0c51ff !important;}&#8221;][vc_column css=&#8221;.vc_custom_1471605837321{padding-top: 0px !important;}&#8221;][stm_call_to_action title=&#8221;Apply for Admission or some other Call to Action&#8221; btn_link=&#8221;url:%23||&#8221; btn_link_text=&#8221;CALL TO ACTION&#8221;][\/stm_call_to_action][\/vc_column][\/vc_row]<\/p>\n<\/section>","protected":false},"excerpt":{"rendered":"<p>[vc_row][vc_column offset=&#8221;vc_col-lg-9 vc_col-md-9 vc_col-xs-12&#8243;][stm_title title_color=&#8221;custom&#8221; page_title_enable=&#8221;true&#8221; title_color_custom=&#8221;#000000&#8243; title_font_size=&#8221;36px&#8221; title_line_height=&#8221;54px&#8221; title_margin_b=&#8221;21px&#8221;][\/stm_title][stm_title title_tag=&#8221;div&#8221; title_color=&#8221;custom&#8221; title=&#8221;Ne gjithashtu synojm\u00eb q\u00eb p\u00ebrmes shembullit t\u00eb m\u00ebsimdh\u00ebn\u00ebsve, trajner\u00ebve, ekspert\u00ebve dhe stafit administrativ t\u00eb nd\u00ebrtojm\u00eb nj\u00eb qasje kritike dhe bazuar n\u00eb vlera morale. Qendra INFINIT suksesin e saj e bazon n\u00eb personelin e angazhuar i cili \u00ebsht\u00eb zemra e institucionit. Nga niveli i [&hellip;]<\/p>\n","protected":false},"author":1,"featured_media":0,"parent":0,"menu_order":1,"comment_status":"closed","ping_status":"closed","template":"","meta":{"footnotes":""},"class_list":["post-612","page","type-page","status-publish","hentry"],"_links":{"self":[{"href":"https:\/\/infinitcenter.com\/en\/wp-json\/wp\/v2\/pages\/612","targetHints":{"allow":["GET"]}}],"collection":[{"href":"https:\/\/infinitcenter.com\/en\/wp-json\/wp\/v2\/pages"}],"about":[{"href":"https:\/\/infinitcenter.com\/en\/wp-json\/wp\/v2\/types\/page"}],"author":[{"embeddable":true,"href":"https:\/\/infinitcenter.com\/en\/wp-json\/wp\/v2\/users\/1"}],"replies":[{"embeddable":true,"href":"https:\/\/infinitcenter.com\/en\/wp-json\/wp\/v2\/comments?post=612"}],"version-history":[{"count":3,"href":"https:\/\/infinitcenter.com\/en\/wp-json\/wp\/v2\/pages\/612\/revisions"}],"predecessor-version":[{"id":3150,"href":"https:\/\/infinitcenter.com\/en\/wp-json\/wp\/v2\/pages\/612\/revisions\/3150"}],"wp:attachment":[{"href":"https:\/\/infinitcenter.com\/en\/wp-json\/wp\/v2\/media?parent=612"}],"curies":[{"name":"wp","href":"https:\/\/api.w.org\/{rel}","templated":true}]}}