{"id":627,"date":"2016-08-19T14:28:01","date_gmt":"2016-08-19T11:28:01","guid":{"rendered":"https:\/\/smartyschool.stylemixthemes.com\/\/?page_id=627"},"modified":"2022-06-19T18:08:57","modified_gmt":"2022-06-19T18:08:57","slug":"our-teachers","status":"publish","type":"page","link":"https:\/\/infinitcenter.com\/en\/our-teachers\/","title":{"rendered":"Stafi dhe Trajner\u00ebt"},"content":{"rendered":"<section class=\"wpb-content-wrapper\"><p>[vc_row css=&#8221;.vc_custom_1471843039431{margin-bottom: 20px !important;}&#8221;][vc_column offset=&#8221;vc_col-lg-9 vc_col-md-9 vc_col-xs-12&#8243;][stm_title title_tag=&#8221;div&#8221; title_color=&#8221;custom&#8221; page_title_enable=&#8221;true&#8221; title_color_custom=&#8221;#000000&#8243; title_font_size=&#8221;36px&#8221; title_line_height=&#8221;54px&#8221; title_margin_b=&#8221;20px&#8221;][\/stm_title][stm_title title_tag=&#8221;div&#8221; title_color=&#8221;custom&#8221; title=&#8221;Ne gjithashtu synojm\u00eb q\u00eb p\u00ebrmes shembullit t\u00eb m\u00ebsimdh\u00ebn\u00ebsve, trajner\u00ebve, ekspert\u00ebve dhe stafit administrativ t\u00eb nd\u00ebrtojm\u00eb nj\u00eb qasje kritike dhe bazuar n\u00eb vlera morale. Qendra INFINIT suksesin e saj e bazon n\u00eb personelin e angazhuar i cili \u00ebsht\u00eb zemra e institucionit. Nga niveli i ekspert\u00ebve, profesor\u00ebve, trajner\u00ebve, e deri t\u00eb pozita m\u00eb modeste ne fokusohemi t\u00eb angazhojm\u00eb individ\u00eb t\u00eb talentuar, me kompetenc\u00eb njohuri, p\u00ebrkushtim dhe vlera t\u00eb larta morale.&#8221; title_color_custom=&#8221;#000000&#8243; title_font_size=&#8221;20px&#8221; title_line_height=&#8221;36px&#8221; title_margin_b=&#8221;27px&#8221;][\/stm_title][\/vc_column][vc_column width=&#8221;1\/4&#8243; offset=&#8221;vc_hidden-sm vc_hidden-xs&#8221; css=&#8221;.vc_custom_1473421019639{margin-top: 19px !important;}&#8221;][stm_wp_custommenu nav_menu=&#8221;29&#8243;][\/vc_column][\/vc_row][vc_row css=&#8221;.vc_custom_1471843916694{padding-bottom: 18px !important;}&#8221;][vc_column][vc_tta_tabs style=&#8221;flat&#8221; shape=&#8221;square&#8221; color=&#8221;blue&#8221; spacing=&#8221;&#8221; alignment=&#8221;center&#8221; active_section=&#8221;1&#8243; no_fill_content_area=&#8221;true&#8221;][vc_tta_section title=&#8221;IT&#8221; tab_id=&#8221;1655656323106-ede5fbac-0b4e&#8221;][stm_teachers teachers_category=&#8221;tik&#8221;][\/vc_tta_section][vc_tta_section title=&#8221;Art &amp; Design Department&#8221; tab_id=&#8221;1471609857515-2b6fc14a-4b66&#8243;][stm_teachers teachers_category=&#8221;art-design-department&#8221; count=&#8221;8&#8243;][\/vc_tta_section][vc_tta_section title=&#8221;Gjuh\u00eb t\u00eb huaja&#8221; tab_id=&#8221;1655656441070-9273c509-5e9d&#8221;][stm_teachers teachers_category=&#8221;gjuhe-te-huaja&#8221;][\/vc_tta_section][\/vc_tta_tabs][\/vc_column][\/vc_row]<\/p>\n<\/section>","protected":false},"excerpt":{"rendered":"<p>[vc_row css=&#8221;.vc_custom_1471843039431{margin-bottom: 20px !important;}&#8221;][vc_column offset=&#8221;vc_col-lg-9 vc_col-md-9 vc_col-xs-12&#8243;][stm_title title_tag=&#8221;div&#8221; title_color=&#8221;custom&#8221; page_title_enable=&#8221;true&#8221; title_color_custom=&#8221;#000000&#8243; title_font_size=&#8221;36px&#8221; title_line_height=&#8221;54px&#8221; title_margin_b=&#8221;20px&#8221;][\/stm_title][stm_title title_tag=&#8221;div&#8221; title_color=&#8221;custom&#8221; title=&#8221;Ne gjithashtu synojm\u00eb q\u00eb p\u00ebrmes shembullit t\u00eb m\u00ebsimdh\u00ebn\u00ebsve, trajner\u00ebve, ekspert\u00ebve dhe stafit administrativ t\u00eb nd\u00ebrtojm\u00eb nj\u00eb qasje kritike dhe bazuar n\u00eb vlera morale. Qendra INFINIT suksesin e saj e bazon n\u00eb personelin e angazhuar i cili \u00ebsht\u00eb zemra e [&hellip;]<\/p>\n","protected":false},"author":1,"featured_media":0,"parent":0,"menu_order":4,"comment_status":"closed","ping_status":"closed","template":"","meta":{"footnotes":""},"class_list":["post-627","page","type-page","status-publish","hentry"],"_links":{"self":[{"href":"https:\/\/infinitcenter.com\/en\/wp-json\/wp\/v2\/pages\/627","targetHints":{"allow":["GET"]}}],"collection":[{"href":"https:\/\/infinitcenter.com\/en\/wp-json\/wp\/v2\/pages"}],"about":[{"href":"https:\/\/infinitcenter.com\/en\/wp-json\/wp\/v2\/types\/page"}],"author":[{"embeddable":true,"href":"https:\/\/infinitcenter.com\/en\/wp-json\/wp\/v2\/users\/1"}],"replies":[{"embeddable":true,"href":"https:\/\/infinitcenter.com\/en\/wp-json\/wp\/v2\/comments?post=627"}],"version-history":[{"count":9,"href":"https:\/\/infinitcenter.com\/en\/wp-json\/wp\/v2\/pages\/627\/revisions"}],"predecessor-version":[{"id":3167,"href":"https:\/\/infinitcenter.com\/en\/wp-json\/wp\/v2\/pages\/627\/revisions\/3167"}],"wp:attachment":[{"href":"https:\/\/infinitcenter.com\/en\/wp-json\/wp\/v2\/media?parent=627"}],"curies":[{"name":"wp","href":"https:\/\/api.w.org\/{rel}","templated":true}]}}